{"id":562,"date":"2024-10-23T16:54:12","date_gmt":"2024-10-23T14:54:12","guid":{"rendered":"https:\/\/mystery-coloring.com\/?page_id=562"},"modified":"2024-10-28T02:17:30","modified_gmt":"2024-10-28T01:17:30","slug":"choisir-le-materiel-de-coloriage","status":"publish","type":"page","link":"https:\/\/mystery-coloring.com\/en\/choisir-le-materiel-de-coloriage\/","title":{"rendered":"Choisir le mat\u00e9riel de coloriage"},"content":{"rendered":"[et_pb_section fb_built=\u00a0\u00bb1&Prime; fullwidth=\u00a0\u00bbon\u00a0\u00bb _builder_version=\u00a0\u00bb4.21.0&Prime; _module_preset=\u00a0\u00bbdefault\u00a0\u00bb background_enable_color=\u00a0\u00bboff\u00a0\u00bb background_blend=\u00a0\u00bbdarken\u00a0\u00bb global_colors_info=\u00a0\u00bb{}\u00a0\u00bb][et_pb_fullwidth_header title=\u00a0\u00bbChoisir son mat\u00e9riel de coloriage adulte\u00a0\u00bb text_orientation=\u00a0\u00bbcenter\u00a0\u00bb button_one_text=\u00a0\u00bbAcheter son livre d&rsquo;art th\u00e9rapie\u00a0\u00bb button_two_text=\u00a0\u00bbO\u00f9 trouver mon mat\u00e9riel\u00a0\u00bb background_overlay_color=\u00a0\u00bbRGBA(255,255,255,0)\u00a0\u00bb _builder_version=\u00a0\u00bb4.21.0&Prime; _module_preset=\u00a0\u00bbdefault\u00a0\u00bb title_font=\u00a0\u00bbAclonica|||on|||||\u00a0\u00bb title_text_align=\u00a0\u00bbcenter\u00a0\u00bb title_text_color=\u00a0\u00bb#FFFFFF\u00a0\u00bb title_font_size=\u00a0\u00bb36px\u00a0\u00bb content_font=\u00a0\u00bbAclonica|700|||||||\u00a0\u00bb content_text_align=\u00a0\u00bbcenter\u00a0\u00bb content_font_size=\u00a0\u00bb27px\u00a0\u00bb subhead_font=\u00a0\u00bbBaloo Thambi 2|||||on|||\u00a0\u00bb subhead_text_align=\u00a0\u00bbcenter\u00a0\u00bb subhead_text_color=\u00a0\u00bb#000000&Prime; subhead_font_size=\u00a0\u00bb42px\u00a0\u00bb background_color=\u00a0\u00bbRGBA(255,255,255,0)\u00a0\u00bb background_image=\u00a0\u00bbhttps:\/\/mystery-coloring.com\/wp-content\/uploads\/2024\/04\/luminance-polychromo.jpg\u00a0\u00bb background_blend=\u00a0\u00bbmultiply\u00a0\u00bb background_enable_mask_style=\u00a0\u00bbon\u00a0\u00bb background_mask_style=\u00a0\u00bbcorner-lake\u00a0\u00bb custom_button_one=\u00a0\u00bbon\u00a0\u00bb button_one_text_color=\u00a0\u00bb#FFFFFF\u00a0\u00bb button_one_bg_color=\u00a0\u00bb#8300E9&Prime; button_one_border_color=\u00a0\u00bb#FFFFFF\u00a0\u00bb button_one_font=\u00a0\u00bbAclonica||||||||\u00a0\u00bb button_one_icon=\u00a0\u00bb&#xf518;||fa||900&Prime; custom_button_two=\u00a0\u00bbon\u00a0\u00bb button_two_text_color=\u00a0\u00bb#FFFFFF\u00a0\u00bb button_two_bg_color=\u00a0\u00bb#12876F\u00a0\u00bb button_two_font=\u00a0\u00bbAclonica||||||||\u00a0\u00bb button_two_icon=\u00a0\u00bb&#xf304;||fa||900&Prime; background_layout=\u00a0\u00bblight\u00a0\u00bb hover_enabled=\u00a0\u00bb0&Prime; title_text_shadow_style=\u00a0\u00bbpreset4&Prime; subhead_text_shadow_style=\u00a0\u00bbpreset3&Prime; subhead_text_shadow_color=\u00a0\u00bb#FFFFFF\u00a0\u00bb text_shadow_style=\u00a0\u00bbpreset1&Prime; text_shadow_color=\u00a0\u00bb#8300E9&Prime; global_colors_info=\u00a0\u00bb{}\u00a0\u00bb subhead_text_shadow_vertical_length__hover_enabled=\u00a0\u00bbon|desktop\u00a0\u00bb button_one_url=\u00a0\u00bbhttps:\/\/mystery-coloring.com\/categorie-produit\/livres\/\u00a0\u00bb button_two_url=\u00a0\u00bbhttps:\/\/mystery-coloring.com\/boutique\/\u00a0\u00bb sticky_enabled=\u00a0\u00bb0&Prime;][\/et_pb_fullwidth_header][\/et_pb_section][et_pb_section fb_built=\u00a0\u00bb1&Prime; admin_label=\u00a0\u00bbsection\u00a0\u00bb _builder_version=\u00a0\u00bb4.16&Prime; global_colors_info=\u00a0\u00bb{}\u00a0\u00bb][et_pb_row admin_label=\u00a0\u00bbrow\u00a0\u00bb _builder_version=\u00a0\u00bb4.21.0&Prime; background_size=\u00a0\u00bbinitial\u00a0\u00bb background_position=\u00a0\u00bbtop_left\u00a0\u00bb background_repeat=\u00a0\u00bbrepeat\u00a0\u00bb custom_padding=\u00a0\u00bb56px|||||\u00a0\u00bb global_colors_info=\u00a0\u00bb{}\u00a0\u00bb][et_pb_column type=\u00a0\u00bb4_4&Prime; _builder_version=\u00a0\u00bb4.16&Prime; custom_padding=\u00a0\u00bb|||\u00a0\u00bb global_colors_info=\u00a0\u00bb{}\u00a0\u00bb custom_padding__hover=\u00a0\u00bb|||\u00a0\u00bb][et_pb_text admin_label=\u00a0\u00bbText\u00a0\u00bb _builder_version=\u00a0\u00bb4.16&Prime; background_size=\u00a0\u00bbinitial\u00a0\u00bb background_position=\u00a0\u00bbtop_left\u00a0\u00bb background_repeat=\u00a0\u00bbrepeat\u00a0\u00bb global_colors_info=\u00a0\u00bb{}\u00a0\u00bb]\n<p>Le coloriage n\u2019est plus seulement une activit\u00e9 r\u00e9serv\u00e9e aux enfants, il est devenu une v\u00e9ritable passion pour de nombreux adultes en qu\u00eate de d\u00e9tente et de cr\u00e9ativit\u00e9. Que vous soyez amateur de coloriages myst\u00e8res, de mandalas, ou que vous plongiez dans l\u2019univers enchanteur des Coloriages Myst\u00e8re Disney, le choix du mat\u00e9riel est essentiel pour profiter pleinement de cette activit\u00e9.<\/p>\n\n\n\n<p>Du simple crayon de couleur aux feutres sp\u00e9cialis\u00e9s, en passant par les outils de rangement et les accessoires incontournables, bien s\u2019\u00e9quiper peut transformer une session de coloriage en un moment de plaisir et de relaxation absolue. Avec le bon mat\u00e9riel, vos cr\u00e9ations prendront vie et vos pages deviendront de v\u00e9ritables \u0153uvres d\u2019art, pr\u00eates \u00e0 \u00eatre admir\u00e9es ou simplement \u00e0 vous procurer un sentiment de satisfaction personnelle.<\/p>\n\n\n\n<p>D\u00e9couvrez dans cette section tous les conseils pour s\u00e9lectionner le mat\u00e9riel de coloriage adapt\u00e9 \u00e0 vos envies et \u00e0 votre style. Que vous soyez d\u00e9butant ou coloriste exp\u00e9riment\u00e9, vous trouverez des astuces pour choisir les meilleurs crayons, feutres, papiers, et m\u00eame quelques id\u00e9es pour sublimer vos cr\u00e9ations. Plongez dans l&rsquo;univers du coloriage et laissez parler votre cr\u00e9ativit\u00e9 avec les outils les plus adapt\u00e9s \u00e0 vos besoins.<\/p>\n\n\n\n<p><\/p>\n[\/et_pb_text][\/et_pb_column][\/et_pb_row][et_pb_row _builder_version=\u00a0\u00bb4.21.0&Prime; _module_preset=\u00a0\u00bbdefault\u00a0\u00bb global_colors_info=\u00a0\u00bb{}\u00a0\u00bb][et_pb_column type=\u00a0\u00bb4_4&Prime; _builder_version=\u00a0\u00bb4.21.0&Prime; _module_preset=\u00a0\u00bbdefault\u00a0\u00bb global_colors_info=\u00a0\u00bb{}\u00a0\u00bb][et_pb_text _builder_version=\u00a0\u00bb4.21.0&Prime; _module_preset=\u00a0\u00bbdefault\u00a0\u00bb global_colors_info=\u00a0\u00bb{}\u00a0\u00bb]<h2>D\u00e9buter en coloriage myst\u00e8re : quoi choisir comme mat\u00e9riel ?<\/h2>[\/et_pb_text][\/et_pb_column][\/et_pb_row][et_pb_row _builder_version=\u00a0\u00bb4.21.0&Prime; _module_preset=\u00a0\u00bbdefault\u00a0\u00bb global_colors_info=\u00a0\u00bb{}\u00a0\u00bb][et_pb_column type=\u00a0\u00bb4_4&Prime; _builder_version=\u00a0\u00bb4.21.0&Prime; _module_preset=\u00a0\u00bbdefault\u00a0\u00bb global_colors_info=\u00a0\u00bb{}\u00a0\u00bb][et_pb_blog fullwidth=\u00a0\u00bboff\u00a0\u00bb include_categories=\u00a0\u00bb32&Prime; _builder_version=\u00a0\u00bb4.21.0&Prime; _module_preset=\u00a0\u00bbdefault\u00a0\u00bb global_colors_info=\u00a0\u00bb{}\u00a0\u00bb][\/et_pb_blog][\/et_pb_column][\/et_pb_row][\/et_pb_section]","protected":false},"excerpt":{"rendered":"<p>Le coloriage n\u2019est plus seulement une activit\u00e9 r\u00e9serv\u00e9e aux enfants, il est devenu une v\u00e9ritable passion pour de nombreux adultes en qu\u00eate de d\u00e9tente et de cr\u00e9ativit\u00e9. Que vous soyez amateur de coloriages myst\u00e8res, de mandalas, ou que vous plongiez dans l\u2019univers enchanteur des Coloriages Myst\u00e8re Disney, le choix du mat\u00e9riel est essentiel pour profiter [&hellip;]<\/p>","protected":false},"author":1,"featured_media":0,"parent":0,"menu_order":0,"comment_status":"closed","ping_status":"closed","template":"","meta":{"_et_pb_use_builder":"on","_et_pb_old_content":"<!-- wp:paragraph -->\n<p>Le coloriage n\u2019est plus seulement une activit\u00e9 r\u00e9serv\u00e9e aux enfants, il est devenu une v\u00e9ritable passion pour de nombreux adultes en qu\u00eate de d\u00e9tente et de cr\u00e9ativit\u00e9. Que vous soyez amateur de coloriages myst\u00e8res, de mandalas, ou que vous plongiez dans l\u2019univers enchanteur des Coloriages Myst\u00e8re Disney, le choix du mat\u00e9riel est essentiel pour profiter pleinement de cette activit\u00e9.<\/p>\n<!-- \/wp:paragraph -->\n\n<!-- wp:paragraph -->\n<p>Du simple crayon de couleur aux feutres sp\u00e9cialis\u00e9s, en passant par les outils de rangement et les accessoires incontournables, bien s\u2019\u00e9quiper peut transformer une session de coloriage en un moment de plaisir et de relaxation absolue. Avec le bon mat\u00e9riel, vos cr\u00e9ations prendront vie et vos pages deviendront de v\u00e9ritables \u0153uvres d\u2019art, pr\u00eates \u00e0 \u00eatre admir\u00e9es ou simplement \u00e0 vous procurer un sentiment de satisfaction personnelle.<\/p>\n<!-- \/wp:paragraph -->\n\n<!-- wp:paragraph -->\n<p>D\u00e9couvrez dans cette section tous les conseils pour s\u00e9lectionner le mat\u00e9riel de coloriage adapt\u00e9 \u00e0 vos envies et \u00e0 votre style. Que vous soyez d\u00e9butant ou coloriste exp\u00e9riment\u00e9, vous trouverez des astuces pour choisir les meilleurs crayons, feutres, papiers, et m\u00eame quelques id\u00e9es pour sublimer vos cr\u00e9ations. Plongez dans l'univers du coloriage et laissez parler votre cr\u00e9ativit\u00e9 avec les outils les plus adapt\u00e9s \u00e0 vos besoins.<\/p>\n<!-- \/wp:paragraph -->\n\n<!-- wp:paragraph -->\n<p><\/p>\n<!-- \/wp:paragraph -->","_et_gb_content_width":"","_monsterinsights_skip_tracking":false,"_monsterinsights_sitenote_active":false,"_monsterinsights_sitenote_note":"","_monsterinsights_sitenote_category":0,"footnotes":""},"class_list":["post-562","page","type-page","status-publish","hentry"],"_links":{"self":[{"href":"https:\/\/mystery-coloring.com\/en\/wp-json\/wp\/v2\/pages\/562","targetHints":{"allow":["GET"]}}],"collection":[{"href":"https:\/\/mystery-coloring.com\/en\/wp-json\/wp\/v2\/pages"}],"about":[{"href":"https:\/\/mystery-coloring.com\/en\/wp-json\/wp\/v2\/types\/page"}],"author":[{"embeddable":true,"href":"https:\/\/mystery-coloring.com\/en\/wp-json\/wp\/v2\/users\/1"}],"replies":[{"embeddable":true,"href":"https:\/\/mystery-coloring.com\/en\/wp-json\/wp\/v2\/comments?post=562"}],"version-history":[{"count":5,"href":"https:\/\/mystery-coloring.com\/en\/wp-json\/wp\/v2\/pages\/562\/revisions"}],"predecessor-version":[{"id":675,"href":"https:\/\/mystery-coloring.com\/en\/wp-json\/wp\/v2\/pages\/562\/revisions\/675"}],"wp:attachment":[{"href":"https:\/\/mystery-coloring.com\/en\/wp-json\/wp\/v2\/media?parent=562"}],"curies":[{"name":"wp","href":"https:\/\/api.w.org\/{rel}","templated":true}]}}