{"id":570,"date":"2024-10-23T17:15:04","date_gmt":"2024-10-23T15:15:04","guid":{"rendered":"https:\/\/mystery-coloring.com\/?page_id=570"},"modified":"2024-10-28T02:17:15","modified_gmt":"2024-10-28T01:17:15","slug":"choisir-son-livre-de-coloriage","status":"publish","type":"page","link":"https:\/\/mystery-coloring.com\/en\/choisir-son-livre-de-coloriage\/","title":{"rendered":"Choisir son livre de coloriage"},"content":{"rendered":"[et_pb_section fb_built=\u00a0\u00bb1&Prime; fullwidth=\u00a0\u00bbon\u00a0\u00bb _builder_version=\u00a0\u00bb4.21.0&Prime; _module_preset=\u00a0\u00bbdefault\u00a0\u00bb background_enable_color=\u00a0\u00bboff\u00a0\u00bb background_blend=\u00a0\u00bbdarken\u00a0\u00bb global_colors_info=\u00a0\u00bb{}\u00a0\u00bb][et_pb_fullwidth_header title=\u00a0\u00bbChoisir son livre de coloriage adulte\u00a0\u00bb text_orientation=\u00a0\u00bbcenter\u00a0\u00bb button_one_text=\u00a0\u00bbAcheter son livre d&rsquo;art th\u00e9rapie\u00a0\u00bb button_two_text=\u00a0\u00bbO\u00f9 trouver mon mat\u00e9riel\u00a0\u00bb background_overlay_color=\u00a0\u00bbRGBA(255,255,255,0)\u00a0\u00bb _builder_version=\u00a0\u00bb4.21.0&Prime; _module_preset=\u00a0\u00bbdefault\u00a0\u00bb title_font=\u00a0\u00bbAclonica|||on|||||\u00a0\u00bb title_text_align=\u00a0\u00bbcenter\u00a0\u00bb title_text_color=\u00a0\u00bb#FFFFFF\u00a0\u00bb title_font_size=\u00a0\u00bb36px\u00a0\u00bb content_font=\u00a0\u00bbAclonica|700|||||||\u00a0\u00bb content_text_align=\u00a0\u00bbcenter\u00a0\u00bb content_font_size=\u00a0\u00bb27px\u00a0\u00bb subhead_font=\u00a0\u00bbBaloo Thambi 2|||||on|||\u00a0\u00bb subhead_text_align=\u00a0\u00bbcenter\u00a0\u00bb subhead_text_color=\u00a0\u00bb#000000&Prime; subhead_font_size=\u00a0\u00bb42px\u00a0\u00bb background_color=\u00a0\u00bbRGBA(255,255,255,0)\u00a0\u00bb background_image=\u00a0\u00bbhttps:\/\/mystery-coloring.com\/wp-content\/uploads\/2024\/10\/site-coloriage-mystere.png\u00a0\u00bb background_blend=\u00a0\u00bbmultiply\u00a0\u00bb background_enable_mask_style=\u00a0\u00bbon\u00a0\u00bb background_mask_style=\u00a0\u00bbcorner-lake\u00a0\u00bb custom_button_one=\u00a0\u00bbon\u00a0\u00bb button_one_text_color=\u00a0\u00bb#FFFFFF\u00a0\u00bb button_one_bg_color=\u00a0\u00bb#8300E9&Prime; button_one_border_color=\u00a0\u00bb#FFFFFF\u00a0\u00bb button_one_font=\u00a0\u00bbAclonica||||||||\u00a0\u00bb button_one_icon=\u00a0\u00bb&#xf518;||fa||900&Prime; custom_button_two=\u00a0\u00bbon\u00a0\u00bb button_two_text_color=\u00a0\u00bb#FFFFFF\u00a0\u00bb button_two_bg_color=\u00a0\u00bb#12876F\u00a0\u00bb button_two_font=\u00a0\u00bbAclonica||||||||\u00a0\u00bb button_two_icon=\u00a0\u00bb&#xf304;||fa||900&Prime; background_layout=\u00a0\u00bblight\u00a0\u00bb custom_padding=\u00a0\u00bb12px|||||\u00a0\u00bb hover_enabled=\u00a0\u00bb0&Prime; title_text_shadow_style=\u00a0\u00bbpreset4&Prime; subhead_text_shadow_style=\u00a0\u00bbpreset3&Prime; subhead_text_shadow_color=\u00a0\u00bb#FFFFFF\u00a0\u00bb text_shadow_style=\u00a0\u00bbpreset1&Prime; text_shadow_color=\u00a0\u00bb#8300E9&Prime; global_colors_info=\u00a0\u00bb{}\u00a0\u00bb subhead_text_shadow_vertical_length__hover_enabled=\u00a0\u00bbon|desktop\u00a0\u00bb button_two_url=\u00a0\u00bbhttps:\/\/mystery-coloring.com\/boutique\/\u00a0\u00bb button_one_url=\u00a0\u00bbhttps:\/\/mystery-coloring.com\/categorie-produit\/livres\/\u00a0\u00bb sticky_enabled=\u00a0\u00bb0&Prime;][\/et_pb_fullwidth_header][\/et_pb_section][et_pb_section fb_built=\u00a0\u00bb1&Prime; admin_label=\u00a0\u00bbsection\u00a0\u00bb _builder_version=\u00a0\u00bb4.16&Prime; min_height=\u00a0\u00bb462.2px\u00a0\u00bb custom_padding=\u00a0\u00bb||2px|||\u00a0\u00bb global_colors_info=\u00a0\u00bb{}\u00a0\u00bb][et_pb_row admin_label=\u00a0\u00bbrow\u00a0\u00bb _builder_version=\u00a0\u00bb4.16&Prime; background_size=\u00a0\u00bbinitial\u00a0\u00bb background_position=\u00a0\u00bbtop_left\u00a0\u00bb background_repeat=\u00a0\u00bbrepeat\u00a0\u00bb global_colors_info=\u00a0\u00bb{}\u00a0\u00bb][et_pb_column type=\u00a0\u00bb4_4&Prime; _builder_version=\u00a0\u00bb4.16&Prime; custom_padding=\u00a0\u00bb|||\u00a0\u00bb global_colors_info=\u00a0\u00bb{}\u00a0\u00bb custom_padding__hover=\u00a0\u00bb|||\u00a0\u00bb][et_pb_text admin_label=\u00a0\u00bbText\u00a0\u00bb _builder_version=\u00a0\u00bb4.16&Prime; background_size=\u00a0\u00bbinitial\u00a0\u00bb background_position=\u00a0\u00bbtop_left\u00a0\u00bb background_repeat=\u00a0\u00bbrepeat\u00a0\u00bb global_colors_info=\u00a0\u00bb{}\u00a0\u00bb]\n<p>Les livres de coloriage pour adultes ont conquis de nombreux amateurs de cr\u00e9ativit\u00e9, offrant un moment d\u2019\u00e9vasion et de d\u00e9tente bien m\u00e9rit\u00e9. Que ce soit \u00e0 travers des mandalas, des sc\u00e8nes f\u00e9\u00e9riques ou encore les fameux Coloriages Myst\u00e8re Disney, chaque page \u00e0 colorier est une invitation \u00e0 laisser libre cours \u00e0 son imagination. Le plaisir de remplir les cases et de voir les motifs se r\u00e9v\u00e9ler peu \u00e0 peu procure une satisfaction unique, id\u00e9ale pour s\u2019offrir une pause loin du quotidien.<\/p>\n\n\n\n<p>Pour profiter au mieux de cette activit\u00e9, il est important de choisir les livres de coloriage qui correspondent \u00e0 vos envies et \u00e0 votre niveau de confort. Dans cette section, nous vous proposons des conseils pour s\u00e9lectionner les ouvrages adapt\u00e9s \u00e0 votre style, qu\u2019il s\u2019agisse de livres aux motifs complexes ou de dessins plus simples \u00e0 colorier. Vous y d\u00e9couvrirez aussi nos bons plans pour d\u00e9nicher les meilleurs livres au meilleur prix, que ce soit pour vous constituer une belle collection ou pour offrir un cadeau original \u00e0 un proche.<\/p>\n\n\n\n<p>Ne manquez pas nos astuces pour enrichir votre exp\u00e9rience de coloriage et profiter pleinement de chaque moment cr\u00e9atif. Entre d\u00e9couvertes et \u00e9conomies, laissez-vous guider pour trouver le livre de coloriage parfait qui vous accompagnera dans votre prochaine aventure artistique.<\/p>\n[\/et_pb_text][\/et_pb_column][\/et_pb_row][\/et_pb_section][et_pb_section fb_built=\u00a0\u00bb1&Prime; _builder_version=\u00a0\u00bb4.21.0&Prime; _module_preset=\u00a0\u00bbdefault\u00a0\u00bb custom_padding=\u00a0\u00bb0px||0px|||\u00a0\u00bb global_colors_info=\u00a0\u00bb{}\u00a0\u00bb][et_pb_row _builder_version=\u00a0\u00bb4.21.0&Prime; _module_preset=\u00a0\u00bbdefault\u00a0\u00bb global_colors_info=\u00a0\u00bb{}\u00a0\u00bb][et_pb_column type=\u00a0\u00bb4_4&Prime; _builder_version=\u00a0\u00bb4.21.0&Prime; _module_preset=\u00a0\u00bbdefault\u00a0\u00bb global_colors_info=\u00a0\u00bb{}\u00a0\u00bb][et_pb_text _builder_version=\u00a0\u00bb4.21.0&Prime; _module_preset=\u00a0\u00bbdefault\u00a0\u00bb global_colors_info=\u00a0\u00bb{}\u00a0\u00bb]<h2>Zoom sur les livres de coloriage adulte\u00a0<\/h2>[\/et_pb_text][\/et_pb_column][\/et_pb_row][\/et_pb_section][et_pb_section fb_built=\u00a0\u00bb1&Prime; _builder_version=\u00a0\u00bb4.21.0&Prime; _module_preset=\u00a0\u00bbdefault\u00a0\u00bb global_colors_info=\u00a0\u00bb{}\u00a0\u00bb][et_pb_row _builder_version=\u00a0\u00bb4.21.0&Prime; _module_preset=\u00a0\u00bbdefault\u00a0\u00bb global_colors_info=\u00a0\u00bb{}\u00a0\u00bb][et_pb_column type=\u00a0\u00bb4_4&Prime; _builder_version=\u00a0\u00bb4.21.0&Prime; _module_preset=\u00a0\u00bbdefault\u00a0\u00bb global_colors_info=\u00a0\u00bb{}\u00a0\u00bb][et_pb_blog fullwidth=\u00a0\u00bboff\u00a0\u00bb include_categories=\u00a0\u00bb33&Prime; _builder_version=\u00a0\u00bb4.21.0&Prime; _module_preset=\u00a0\u00bbdefault\u00a0\u00bb global_colors_info=\u00a0\u00bb{}\u00a0\u00bb][\/et_pb_blog][\/et_pb_column][\/et_pb_row][\/et_pb_section]","protected":false},"excerpt":{"rendered":"<p>Les livres de coloriage pour adultes ont conquis de nombreux amateurs de cr\u00e9ativit\u00e9, offrant un moment d\u2019\u00e9vasion et de d\u00e9tente bien m\u00e9rit\u00e9. Que ce soit \u00e0 travers des mandalas, des sc\u00e8nes f\u00e9\u00e9riques ou encore les fameux Coloriages Myst\u00e8re Disney, chaque page \u00e0 colorier est une invitation \u00e0 laisser libre cours \u00e0 son imagination. Le plaisir [&hellip;]<\/p>","protected":false},"author":1,"featured_media":0,"parent":0,"menu_order":0,"comment_status":"closed","ping_status":"closed","template":"","meta":{"_et_pb_use_builder":"on","_et_pb_old_content":"<!-- wp:paragraph -->\n<p>Les livres de coloriage pour adultes ont conquis de nombreux amateurs de cr\u00e9ativit\u00e9, offrant un moment d\u2019\u00e9vasion et de d\u00e9tente bien m\u00e9rit\u00e9. Que ce soit \u00e0 travers des mandalas, des sc\u00e8nes f\u00e9\u00e9riques ou encore les fameux Coloriages Myst\u00e8re Disney, chaque page \u00e0 colorier est une invitation \u00e0 laisser libre cours \u00e0 son imagination. Le plaisir de remplir les cases et de voir les motifs se r\u00e9v\u00e9ler peu \u00e0 peu procure une satisfaction unique, id\u00e9ale pour s\u2019offrir une pause loin du quotidien.<\/p>\n<!-- \/wp:paragraph -->\n\n<!-- wp:paragraph -->\n<p>Pour profiter au mieux de cette activit\u00e9, il est important de choisir les livres de coloriage qui correspondent \u00e0 vos envies et \u00e0 votre niveau de confort. Dans cette section, nous vous proposons des conseils pour s\u00e9lectionner les ouvrages adapt\u00e9s \u00e0 votre style, qu\u2019il s\u2019agisse de livres aux motifs complexes ou de dessins plus simples \u00e0 colorier. Vous y d\u00e9couvrirez aussi nos bons plans pour d\u00e9nicher les meilleurs livres au meilleur prix, que ce soit pour vous constituer une belle collection ou pour offrir un cadeau original \u00e0 un proche.<\/p>\n<!-- \/wp:paragraph -->\n\n<!-- wp:paragraph -->\n<p>Ne manquez pas nos astuces pour enrichir votre exp\u00e9rience de coloriage et profiter pleinement de chaque moment cr\u00e9atif. Entre d\u00e9couvertes et \u00e9conomies, laissez-vous guider pour trouver le livre de coloriage parfait qui vous accompagnera dans votre prochaine aventure artistique.<\/p>\n<!-- \/wp:paragraph -->","_et_gb_content_width":"","_monsterinsights_skip_tracking":false,"_monsterinsights_sitenote_active":false,"_monsterinsights_sitenote_note":"","_monsterinsights_sitenote_category":0,"footnotes":""},"class_list":["post-570","page","type-page","status-publish","hentry"],"_links":{"self":[{"href":"https:\/\/mystery-coloring.com\/en\/wp-json\/wp\/v2\/pages\/570","targetHints":{"allow":["GET"]}}],"collection":[{"href":"https:\/\/mystery-coloring.com\/en\/wp-json\/wp\/v2\/pages"}],"about":[{"href":"https:\/\/mystery-coloring.com\/en\/wp-json\/wp\/v2\/types\/page"}],"author":[{"embeddable":true,"href":"https:\/\/mystery-coloring.com\/en\/wp-json\/wp\/v2\/users\/1"}],"replies":[{"embeddable":true,"href":"https:\/\/mystery-coloring.com\/en\/wp-json\/wp\/v2\/comments?post=570"}],"version-history":[{"count":4,"href":"https:\/\/mystery-coloring.com\/en\/wp-json\/wp\/v2\/pages\/570\/revisions"}],"predecessor-version":[{"id":672,"href":"https:\/\/mystery-coloring.com\/en\/wp-json\/wp\/v2\/pages\/570\/revisions\/672"}],"wp:attachment":[{"href":"https:\/\/mystery-coloring.com\/en\/wp-json\/wp\/v2\/media?parent=570"}],"curies":[{"name":"wp","href":"https:\/\/api.w.org\/{rel}","templated":true}]}}