{"id":588,"date":"2024-10-24T14:31:10","date_gmt":"2024-10-24T12:31:10","guid":{"rendered":"https:\/\/mystery-coloring.com\/?page_id=588"},"modified":"2024-10-28T02:16:39","modified_gmt":"2024-10-28T01:16:39","slug":"les-feutres","status":"publish","type":"page","link":"https:\/\/mystery-coloring.com\/en\/les-feutres\/","title":{"rendered":"Les feutres"},"content":{"rendered":"<p>[et_pb_section fb_built=\u00a0\u00bb1&Prime; fullwidth=\u00a0\u00bbon\u00a0\u00bb _builder_version=\u00a0\u00bb4.21.0&Prime; _module_preset=\u00a0\u00bbdefault\u00a0\u00bb background_enable_color=\u00a0\u00bboff\u00a0\u00bb background_blend=\u00a0\u00bbdarken\u00a0\u00bb global_colors_info=\u00a0\u00bb{}\u00a0\u00bb][et_pb_fullwidth_header title=\u00a0\u00bbChoisir ses feutres\u00a0\u00bb text_orientation=\u00a0\u00bbcenter\u00a0\u00bb button_one_text=\u00a0\u00bbAcheter son livre d&rsquo;art th\u00e9rapie\u00a0\u00bb button_two_text=\u00a0\u00bbO\u00f9 trouver mon mat\u00e9riel\u00a0\u00bb background_overlay_color=\u00a0\u00bbRGBA(255,255,255,0)\u00a0\u00bb _builder_version=\u00a0\u00bb4.21.0&Prime; _module_preset=\u00a0\u00bbdefault\u00a0\u00bb title_font=\u00a0\u00bbAclonica|||on|||||\u00a0\u00bb title_text_align=\u00a0\u00bbcenter\u00a0\u00bb title_text_color=\u00a0\u00bb#FFFFFF\u00a0\u00bb title_font_size=\u00a0\u00bb36px\u00a0\u00bb content_font=\u00a0\u00bbAclonica|700|||||||\u00a0\u00bb content_text_align=\u00a0\u00bbcenter\u00a0\u00bb content_font_size=\u00a0\u00bb27px\u00a0\u00bb subhead_font=\u00a0\u00bbBaloo Thambi 2|||||on|||\u00a0\u00bb subhead_text_align=\u00a0\u00bbcenter\u00a0\u00bb subhead_text_color=\u00a0\u00bb#000000&Prime; subhead_font_size=\u00a0\u00bb42px\u00a0\u00bb background_color=\u00a0\u00bb#8300E9&Prime; background_image=\u00a0\u00bbhttps:\/\/mystery-coloring.com\/wp-content\/uploads\/2024\/10\/feutres-acryliques.webp\u00a0\u00bb background_blend=\u00a0\u00bbmultiply\u00a0\u00bb background_enable_mask_style=\u00a0\u00bbon\u00a0\u00bb background_mask_style=\u00a0\u00bbcorner-lake\u00a0\u00bb custom_button_one=\u00a0\u00bbon\u00a0\u00bb button_one_text_color=\u00a0\u00bb#FFFFFF\u00a0\u00bb button_one_bg_color=\u00a0\u00bb#8300E9&Prime; button_one_border_color=\u00a0\u00bb#FFFFFF\u00a0\u00bb button_one_font=\u00a0\u00bbAclonica||||||||\u00a0\u00bb button_one_icon=\u00a0\u00bb&#xf518;||fa||900&Prime; custom_button_two=\u00a0\u00bbon\u00a0\u00bb button_two_text_color=\u00a0\u00bb#FFFFFF\u00a0\u00bb button_two_bg_color=\u00a0\u00bb#12876F\u00a0\u00bb button_two_font=\u00a0\u00bbAclonica||||||||\u00a0\u00bb button_two_icon=\u00a0\u00bb&#xf304;||fa||900&Prime; background_layout=\u00a0\u00bblight\u00a0\u00bb hover_enabled=\u00a0\u00bb0&Prime; title_text_shadow_style=\u00a0\u00bbpreset4&Prime; subhead_text_shadow_style=\u00a0\u00bbpreset3&Prime; subhead_text_shadow_color=\u00a0\u00bb#FFFFFF\u00a0\u00bb text_shadow_style=\u00a0\u00bbpreset1&Prime; text_shadow_color=\u00a0\u00bb#8300E9&Prime; global_colors_info=\u00a0\u00bb{}\u00a0\u00bb subhead_text_shadow_vertical_length__hover_enabled=\u00a0\u00bbon|desktop\u00a0\u00bb button_one_url=\u00a0\u00bbhttps:\/\/mystery-coloring.com\/categorie-produit\/livres\/\u00a0\u00bb button_two_url=\u00a0\u00bbhttps:\/\/mystery-coloring.com\/boutique\/\u00a0\u00bb sticky_enabled=\u00a0\u00bb0&Prime;][\/et_pb_fullwidth_header][\/et_pb_section][et_pb_section fb_built=\u00a0\u00bb1&Prime; _builder_version=\u00a0\u00bb4.16&Prime; global_colors_info=\u00a0\u00bb{}\u00a0\u00bb][et_pb_row _builder_version=\u00a0\u00bb4.16&Prime; background_size=\u00a0\u00bbinitial\u00a0\u00bb background_position=\u00a0\u00bbtop_left\u00a0\u00bb background_repeat=\u00a0\u00bbrepeat\u00a0\u00bb global_colors_info=\u00a0\u00bb{}\u00a0\u00bb][et_pb_column type=\u00a0\u00bb4_4&Prime; _builder_version=\u00a0\u00bb4.16&Prime; custom_padding=\u00a0\u00bb|||\u00a0\u00bb global_colors_info=\u00a0\u00bb{}\u00a0\u00bb custom_padding__hover=\u00a0\u00bb|||\u00a0\u00bb][et_pb_text _builder_version=\u00a0\u00bb4.16&Prime; background_size=\u00a0\u00bbinitial\u00a0\u00bb background_position=\u00a0\u00bbtop_left\u00a0\u00bb background_repeat=\u00a0\u00bbrepeat\u00a0\u00bb global_colors_info=\u00a0\u00bb{}\u00a0\u00bb]<!-- divi:paragraph --><\/p>\n<p data-pm-slice=\"1 1 []\"><span>Les feutres sont des outils essentiels pour ajouter de la couleur et de l&rsquo;\u00e9clat \u00e0 vos cr\u00e9ations. Que vous soyez un d\u00e9butant cherchant des feutres faciles \u00e0 utiliser ou un artiste confirm\u00e9 en qu\u00eate de marqueurs de qualit\u00e9 professionnelle, les feutres peuvent vous offrir une vaste gamme de possibilit\u00e9s. Leur application fluide et leurs couleurs vives permettent de donner vie \u00e0 vos \u0153uvres d&rsquo;une mani\u00e8re unique et \u00e9clatante.<\/span><\/p>\n<h3><span>Types de Feutres<\/span><\/h3>\n<ul data-spread=\"false\">\n<li>\n<p><span><strong>Feutres \u00e0 base d&rsquo;Alcool<\/strong><\/span><span> : Parfaits pour des d\u00e9grad\u00e9s lisses et sans traces, ces feutres sont r\u00e9put\u00e9s pour leurs couleurs intenses et leur facilit\u00e9 de m\u00e9lange. Ils conviennent particuli\u00e8rement aux artistes cherchant un rendu professionnel.<\/span><\/p>\n<\/li>\n<li>\n<p><span><strong>Feutres \u00e0 base d&rsquo;Eau<\/strong><\/span><span> : Id\u00e9aux pour les d\u00e9butants, ces feutres sont simples \u00e0 utiliser et ne d\u00e9gagent aucune odeur forte. Ils sont aussi adapt\u00e9s pour des projets familiaux ou des enfants gr\u00e2ce \u00e0 leur utilisation s\u00e9curis\u00e9e.<\/span><\/p>\n<\/li>\n<li>\n<p><span><strong>Feutres Acryliques<\/strong><\/span><span> : Ces feutres contiennent de la peinture acrylique et peuvent \u00eatre utilis\u00e9s sur divers supports, tels que le papier, le verre, le m\u00e9tal ou le bois. Ils sont parfaits pour des projets artistiques polyvalents.<\/span><\/p>\n<\/li>\n<li>\n<p><span><strong>Feutres \u00e0 base de Solvant<\/strong><\/span><span> : Ces feutres sont extr\u00eamement r\u00e9sistants et peuvent \u00eatre utilis\u00e9s sur des surfaces non poreuses comme le plastique ou le m\u00e9tal, id\u00e9aux pour des projets n\u00e9cessitant une grande durabilit\u00e9.<\/span><\/p>\n<\/li>\n<li>\n<p><span><strong>Feutres Effa\u00e7ables<\/strong><\/span><span> : Con\u00e7us pour des cr\u00e9ations temporaires ou pour le lettrage, ces feutres peuvent \u00eatre effac\u00e9s facilement, ce qui les rend pratiques pour les tableaux blancs, le verre ou d&rsquo;autres surfaces r\u00e9utilisables.<\/span><\/p>\n<\/li>\n<\/ul>\n<p><span>Dans cette s\u00e9rie d&rsquo;articles, nous vous guiderons dans le choix des meilleurs feutres en fonction de vos projets, en vous expliquant leurs particularit\u00e9s et en pr\u00e9sentant des marques incontournables. Vous d\u00e9couvrirez \u00e9galement des techniques pour obtenir des effets uniques, des astuces de m\u00e9lange, et des conseils pour maximiser le potentiel de vos feutres.<\/span><\/p>\n<p><span>Plongez avec nous dans l&rsquo;univers des feutres et laissez libre cours \u00e0 votre cr\u00e9ativit\u00e9 en utilisant toutes les nuances disponibles pour donner vie \u00e0 vos id\u00e9es.<\/span><\/p>\n<p>&nbsp;<\/p>\n<p><!-- divi:paragraph --><\/p>\n<p>&nbsp;<\/p>\n<p>&nbsp;<\/p>\n<p><!-- \/divi:paragraph -->[\/et_pb_text][\/et_pb_column][\/et_pb_row][et_pb_row _builder_version=\u00a0\u00bb4.21.0&Prime; _module_preset=\u00a0\u00bbdefault\u00a0\u00bb global_colors_info=\u00a0\u00bb{}\u00a0\u00bb][et_pb_column type=\u00a0\u00bb4_4&Prime; _builder_version=\u00a0\u00bb4.21.0&Prime; _module_preset=\u00a0\u00bbdefault\u00a0\u00bb global_colors_info=\u00a0\u00bb{}\u00a0\u00bb][et_pb_blog fullwidth=\u00a0\u00bboff\u00a0\u00bb include_categories=\u00a0\u00bb51&Prime; _builder_version=\u00a0\u00bb4.21.0&Prime; _module_preset=\u00a0\u00bbdefault\u00a0\u00bb global_colors_info=\u00a0\u00bb{}\u00a0\u00bb][\/et_pb_blog][\/et_pb_column][\/et_pb_row][\/et_pb_section]<\/p>","protected":false},"excerpt":{"rendered":"<p>Les feutres sont des outils essentiels pour ajouter de la couleur et de l&rsquo;\u00e9clat \u00e0 vos cr\u00e9ations. Que vous soyez un d\u00e9butant cherchant des feutres faciles \u00e0 utiliser ou un artiste confirm\u00e9 en qu\u00eate de marqueurs de qualit\u00e9 professionnelle, les feutres peuvent vous offrir une vaste gamme de possibilit\u00e9s. Leur application fluide et leurs couleurs [&hellip;]<\/p>","protected":false},"author":1,"featured_media":0,"parent":0,"menu_order":0,"comment_status":"closed","ping_status":"closed","template":"","meta":{"_et_pb_use_builder":"on","_et_pb_old_content":"<!-- wp:paragraph -->\n<p>Les feutres sont des outils essentiels pour ajouter de la couleur et de l'\u00e9clat \u00e0 vos cr\u00e9ations. Que vous soyez un d\u00e9butant cherchant des feutres faciles \u00e0 utiliser ou un artiste confirm\u00e9 en qu\u00eate de marqueurs de qualit\u00e9 professionnelle, les feutres peuvent vous offrir une vaste gamme de possibilit\u00e9s. Leur application fluide et leurs couleurs vives permettent de donner vie \u00e0 vos \u0153uvres d'une mani\u00e8re unique et \u00e9clatante.<\/p>\n<!-- \/wp:paragraph -->\n\n<!-- wp:heading {\"level\":3} -->\n<h3 class=\"wp-block-heading\">Types de Feutres<\/h3>\n<!-- \/wp:heading -->\n\n<!-- wp:list -->\n<ul class=\"wp-block-list\"><!-- wp:list-item -->\n<li><strong>Feutres \u00e0 base d'Alcool<\/strong> : Parfaits pour des d\u00e9grad\u00e9s lisses et sans traces, ces feutres sont r\u00e9put\u00e9s pour leurs couleurs intenses et leur facilit\u00e9 de m\u00e9lange. Ils conviennent particuli\u00e8rement aux artistes cherchant un rendu professionnel.<\/li>\n<!-- \/wp:list-item -->\n\n<!-- wp:list-item -->\n<li><strong>Feutres \u00e0 base d'Eau<\/strong> : Id\u00e9aux pour les d\u00e9butants, ces feutres sont simples \u00e0 utiliser et ne d\u00e9gagent aucune odeur forte. Ils sont aussi adapt\u00e9s pour des projets familiaux ou des enfants gr\u00e2ce \u00e0 leur utilisation s\u00e9curis\u00e9e.<\/li>\n<!-- \/wp:list-item -->\n\n<!-- wp:list-item -->\n<li><strong>Feutres Acryliques<\/strong> : Ces feutres contiennent de la peinture acrylique et peuvent \u00eatre utilis\u00e9s sur divers supports, tels que le papier, le verre, le m\u00e9tal ou le bois. Ils sont parfaits pour des projets artistiques polyvalents.<\/li>\n<!-- \/wp:list-item -->\n\n<!-- wp:list-item -->\n<li><strong>Feutres \u00e0 base de Solvant<\/strong> : Ces feutres sont extr\u00eamement r\u00e9sistants et peuvent \u00eatre utilis\u00e9s sur des surfaces non poreuses comme le plastique ou le m\u00e9tal, id\u00e9aux pour des projets n\u00e9cessitant une grande durabilit\u00e9.<\/li>\n<!-- \/wp:list-item -->\n\n<!-- wp:list-item -->\n<li><strong>Feutres Effa\u00e7ables<\/strong> : Con\u00e7us pour des cr\u00e9ations temporaires ou pour le lettrage, ces feutres peuvent \u00eatre effac\u00e9s facilement, ce qui les rend pratiques pour les tableaux blancs, le verre ou d'autres surfaces r\u00e9utilisables.<\/li>\n<!-- \/wp:list-item --><\/ul>\n<!-- \/wp:list -->\n\n<!-- wp:paragraph -->\n<p>Dans cette s\u00e9rie d'articles, nous vous guiderons dans le choix des meilleurs feutres en fonction de vos projets, en vous expliquant leurs particularit\u00e9s et en pr\u00e9sentant des marques incontournables. Vous d\u00e9couvrirez \u00e9galement des techniques pour obtenir des effets uniques, des astuces de m\u00e9lange, et des conseils pour maximiser le potentiel de vos feutres.<\/p>\n<!-- \/wp:paragraph -->\n\n<!-- wp:paragraph -->\n<p>Plongez avec nous dans l'univers des feutres et laissez libre cours \u00e0 votre cr\u00e9ativit\u00e9 en utilisant toutes les nuances disponibles pour donner vie \u00e0 vos id\u00e9es.<\/p>\n<!-- \/wp:paragraph -->","_et_gb_content_width":"","_monsterinsights_skip_tracking":false,"_monsterinsights_sitenote_active":false,"_monsterinsights_sitenote_note":"","_monsterinsights_sitenote_category":0,"footnotes":""},"class_list":["post-588","page","type-page","status-publish","hentry"],"_links":{"self":[{"href":"https:\/\/mystery-coloring.com\/en\/wp-json\/wp\/v2\/pages\/588","targetHints":{"allow":["GET"]}}],"collection":[{"href":"https:\/\/mystery-coloring.com\/en\/wp-json\/wp\/v2\/pages"}],"about":[{"href":"https:\/\/mystery-coloring.com\/en\/wp-json\/wp\/v2\/types\/page"}],"author":[{"embeddable":true,"href":"https:\/\/mystery-coloring.com\/en\/wp-json\/wp\/v2\/users\/1"}],"replies":[{"embeddable":true,"href":"https:\/\/mystery-coloring.com\/en\/wp-json\/wp\/v2\/comments?post=588"}],"version-history":[{"count":7,"href":"https:\/\/mystery-coloring.com\/en\/wp-json\/wp\/v2\/pages\/588\/revisions"}],"predecessor-version":[{"id":667,"href":"https:\/\/mystery-coloring.com\/en\/wp-json\/wp\/v2\/pages\/588\/revisions\/667"}],"wp:attachment":[{"href":"https:\/\/mystery-coloring.com\/en\/wp-json\/wp\/v2\/media?parent=588"}],"curies":[{"name":"wp","href":"https:\/\/api.w.org\/{rel}","templated":true}]}}