{"id":606,"date":"2024-10-24T15:32:04","date_gmt":"2024-10-24T13:32:04","guid":{"rendered":"https:\/\/mystery-coloring.com\/?page_id=606"},"modified":"2024-10-28T02:14:53","modified_gmt":"2024-10-28T01:14:53","slug":"coloriages-disney","status":"publish","type":"page","link":"https:\/\/mystery-coloring.com\/en\/coloriages-disney\/","title":{"rendered":"Coloriages Disney"},"content":{"rendered":"<p>[et_pb_section fb_built=\u00a0\u00bb1&Prime; fullwidth=\u00a0\u00bbon\u00a0\u00bb _builder_version=\u00a0\u00bb4.21.0&Prime; _module_preset=\u00a0\u00bbdefault\u00a0\u00bb background_enable_color=\u00a0\u00bboff\u00a0\u00bb background_blend=\u00a0\u00bbdarken\u00a0\u00bb global_colors_info=\u00a0\u00bb{}\u00a0\u00bb][et_pb_fullwidth_header title=\u00a0\u00bbLes coloriages myst\u00e8re Disney hachette\u00a0\u00bb text_orientation=\u00a0\u00bbcenter\u00a0\u00bb button_one_text=\u00a0\u00bbAcheter son livre d&rsquo;art th\u00e9rapie\u00a0\u00bb button_two_text=\u00a0\u00bbO\u00f9 trouver mon mat\u00e9riel\u00a0\u00bb background_overlay_color=\u00a0\u00bbRGBA(255,255,255,0)\u00a0\u00bb _builder_version=\u00a0\u00bb4.21.0&Prime; _module_preset=\u00a0\u00bbdefault\u00a0\u00bb title_font=\u00a0\u00bbAclonica|||on|||||\u00a0\u00bb title_text_align=\u00a0\u00bbcenter\u00a0\u00bb title_text_color=\u00a0\u00bb#FFFFFF\u00a0\u00bb title_font_size=\u00a0\u00bb36px\u00a0\u00bb content_font=\u00a0\u00bbAclonica|700|||||||\u00a0\u00bb content_text_align=\u00a0\u00bbcenter\u00a0\u00bb content_font_size=\u00a0\u00bb27px\u00a0\u00bb subhead_font=\u00a0\u00bbBaloo Thambi 2|||||on|||\u00a0\u00bb subhead_text_align=\u00a0\u00bbcenter\u00a0\u00bb subhead_text_color=\u00a0\u00bb#000000&Prime; subhead_font_size=\u00a0\u00bb42px\u00a0\u00bb background_color=\u00a0\u00bb#C88BDA\u00a0\u00bb background_image=\u00a0\u00bbhttps:\/\/mystery-coloring.com\/wp-content\/uploads\/2024\/06\/Tome-disney-famille.jpg\u00a0\u00bb background_blend=\u00a0\u00bbmultiply\u00a0\u00bb background_enable_mask_style=\u00a0\u00bbon\u00a0\u00bb background_mask_style=\u00a0\u00bbcorner-lake\u00a0\u00bb custom_button_one=\u00a0\u00bbon\u00a0\u00bb button_one_text_color=\u00a0\u00bb#FFFFFF\u00a0\u00bb button_one_bg_color=\u00a0\u00bb#8300E9&Prime; button_one_border_color=\u00a0\u00bb#FFFFFF\u00a0\u00bb button_one_font=\u00a0\u00bbAclonica||||||||\u00a0\u00bb button_one_icon=\u00a0\u00bb&#xf518;||fa||900&Prime; custom_button_two=\u00a0\u00bbon\u00a0\u00bb button_two_text_color=\u00a0\u00bb#FFFFFF\u00a0\u00bb button_two_bg_color=\u00a0\u00bb#12876F\u00a0\u00bb button_two_font=\u00a0\u00bbAclonica||||||||\u00a0\u00bb button_two_icon=\u00a0\u00bb&#xf304;||fa||900&Prime; background_layout=\u00a0\u00bblight\u00a0\u00bb hover_enabled=\u00a0\u00bb0&Prime; title_text_shadow_style=\u00a0\u00bbpreset4&Prime; subhead_text_shadow_style=\u00a0\u00bbpreset3&Prime; subhead_text_shadow_color=\u00a0\u00bb#FFFFFF\u00a0\u00bb text_shadow_style=\u00a0\u00bbpreset1&Prime; text_shadow_color=\u00a0\u00bb#8300E9&Prime; global_colors_info=\u00a0\u00bb{}\u00a0\u00bb subhead_text_shadow_vertical_length__hover_enabled=\u00a0\u00bbon|desktop\u00a0\u00bb button_one_url=\u00a0\u00bbhttps:\/\/mystery-coloring.com\/categorie-produit\/livres\/\u00a0\u00bb button_two_url=\u00a0\u00bbhttps:\/\/mystery-coloring.com\/boutique\/\u00a0\u00bb sticky_enabled=\u00a0\u00bb0&Prime;][\/et_pb_fullwidth_header][\/et_pb_section][et_pb_section fb_built=\u00a0\u00bb1&Prime; _builder_version=\u00a0\u00bb4.21.0&Prime; _module_preset=\u00a0\u00bbdefault\u00a0\u00bb global_colors_info=\u00a0\u00bb{}\u00a0\u00bb][et_pb_row _builder_version=\u00a0\u00bb4.21.0&Prime; _module_preset=\u00a0\u00bbdefault\u00a0\u00bb global_colors_info=\u00a0\u00bb{}\u00a0\u00bb][et_pb_column type=\u00a0\u00bb4_4&Prime; _builder_version=\u00a0\u00bb4.21.0&Prime; _module_preset=\u00a0\u00bbdefault\u00a0\u00bb global_colors_info=\u00a0\u00bb{}\u00a0\u00bb][et_pb_text _builder_version=\u00a0\u00bb4.21.0&Prime; _module_preset=\u00a0\u00bbdefault\u00a0\u00bb global_colors_info=\u00a0\u00bb{}\u00a0\u00bb]<\/p>\n<p data-pm-slice=\"1 1 []\"><span>Les livres de coloriage myst\u00e8re <\/span><span><strong>Disney Hachette<\/strong><\/span><span> sont parfaits pour les amateurs de l&rsquo;univers Disney qui souhaitent allier d\u00e9tente et cr\u00e9ativit\u00e9. Chaque page propose un dessin myst\u00e8re \u00e0 d\u00e9couvrir au fur et \u00e0 mesure que vous ajoutez de la couleur. Que vous soyez fan de Mickey, des princesses Disney ou des personnages embl\u00e9matiques comme Simba ou Stitch, chaque livre offre une vari\u00e9t\u00e9 de sc\u00e8nes iconiques \u00e0 colorier.<\/span><\/p>\n<p><span>Ces livres sont adapt\u00e9s \u00e0 tous les niveaux, offrant des designs complexes et simples, pour satisfaire tant les d\u00e9butants que les coloristes confirm\u00e9s. Parcourez notre s\u00e9lection pour trouver le livre qui correspond \u00e0 vos envies et laissez la magie Disney inspirer vos cr\u00e9ations.<\/span><\/p>\n<p>[\/et_pb_text][\/et_pb_column][\/et_pb_row][\/et_pb_section][et_pb_section fb_built=\u00a0\u00bb1&Prime; _builder_version=\u00a0\u00bb4.21.0&Prime; _module_preset=\u00a0\u00bbdefault\u00a0\u00bb global_colors_info=\u00a0\u00bb{}\u00a0\u00bb][et_pb_row _builder_version=\u00a0\u00bb4.21.0&Prime; _module_preset=\u00a0\u00bbdefault\u00a0\u00bb global_colors_info=\u00a0\u00bb{}\u00a0\u00bb][et_pb_column type=\u00a0\u00bb4_4&Prime; _builder_version=\u00a0\u00bb4.21.0&Prime; _module_preset=\u00a0\u00bbdefault\u00a0\u00bb global_colors_info=\u00a0\u00bb{}\u00a0\u00bb][et_pb_blog fullwidth=\u00a0\u00bboff\u00a0\u00bb include_categories=\u00a0\u00bb54&Prime; _builder_version=\u00a0\u00bb4.21.0&Prime; _module_preset=\u00a0\u00bbdefault\u00a0\u00bb global_colors_info=\u00a0\u00bb{}\u00a0\u00bb][\/et_pb_blog][\/et_pb_column][\/et_pb_row][\/et_pb_section]<\/p>","protected":false},"excerpt":{"rendered":"<p>Les livres de coloriage myst\u00e8re Disney Hachette sont parfaits pour les amateurs de l&rsquo;univers Disney qui souhaitent allier d\u00e9tente et cr\u00e9ativit\u00e9. Chaque page propose un dessin myst\u00e8re \u00e0 d\u00e9couvrir au fur et \u00e0 mesure que vous ajoutez de la couleur. Que vous soyez fan de Mickey, des princesses Disney ou des personnages embl\u00e9matiques comme Simba [&hellip;]<\/p>","protected":false},"author":1,"featured_media":0,"parent":0,"menu_order":0,"comment_status":"closed","ping_status":"closed","template":"","meta":{"_et_pb_use_builder":"on","_et_pb_old_content":"","_et_gb_content_width":"","_monsterinsights_skip_tracking":false,"_monsterinsights_sitenote_active":false,"_monsterinsights_sitenote_note":"","_monsterinsights_sitenote_category":0,"footnotes":""},"class_list":["post-606","page","type-page","status-publish","hentry"],"_links":{"self":[{"href":"https:\/\/mystery-coloring.com\/en\/wp-json\/wp\/v2\/pages\/606","targetHints":{"allow":["GET"]}}],"collection":[{"href":"https:\/\/mystery-coloring.com\/en\/wp-json\/wp\/v2\/pages"}],"about":[{"href":"https:\/\/mystery-coloring.com\/en\/wp-json\/wp\/v2\/types\/page"}],"author":[{"embeddable":true,"href":"https:\/\/mystery-coloring.com\/en\/wp-json\/wp\/v2\/users\/1"}],"replies":[{"embeddable":true,"href":"https:\/\/mystery-coloring.com\/en\/wp-json\/wp\/v2\/comments?post=606"}],"version-history":[{"count":3,"href":"https:\/\/mystery-coloring.com\/en\/wp-json\/wp\/v2\/pages\/606\/revisions"}],"predecessor-version":[{"id":663,"href":"https:\/\/mystery-coloring.com\/en\/wp-json\/wp\/v2\/pages\/606\/revisions\/663"}],"wp:attachment":[{"href":"https:\/\/mystery-coloring.com\/en\/wp-json\/wp\/v2\/media?parent=606"}],"curies":[{"name":"wp","href":"https:\/\/api.w.org\/{rel}","templated":true}]}}