{"id":619,"date":"2024-10-24T16:49:37","date_gmt":"2024-10-24T14:49:37","guid":{"rendered":"https:\/\/mystery-coloring.com\/?page_id=619"},"modified":"2024-10-28T02:17:46","modified_gmt":"2024-10-28T01:17:46","slug":"livres-fantasy","status":"publish","type":"page","link":"https:\/\/mystery-coloring.com\/en\/livres-fantasy\/","title":{"rendered":"Livres Fantasy"},"content":{"rendered":"<p>[et_pb_section fb_built=\u00a0\u00bb1&Prime; fullwidth=\u00a0\u00bbon\u00a0\u00bb _builder_version=\u00a0\u00bb4.21.0&Prime; _module_preset=\u00a0\u00bbdefault\u00a0\u00bb background_enable_color=\u00a0\u00bboff\u00a0\u00bb background_blend=\u00a0\u00bbdarken\u00a0\u00bb global_colors_info=\u00a0\u00bb{}\u00a0\u00bb][et_pb_fullwidth_header title=\u00a0\u00bbLivres fantasy\u00a0\u00bb text_orientation=\u00a0\u00bbcenter\u00a0\u00bb button_one_text=\u00a0\u00bbAcheter son livre d&rsquo;art th\u00e9rapie\u00a0\u00bb button_two_text=\u00a0\u00bbO\u00f9 trouver mon mat\u00e9riel\u00a0\u00bb background_overlay_color=\u00a0\u00bbRGBA(255,255,255,0)\u00a0\u00bb _builder_version=\u00a0\u00bb4.21.0&Prime; _module_preset=\u00a0\u00bbdefault\u00a0\u00bb title_font=\u00a0\u00bbAclonica|||on|||||\u00a0\u00bb title_text_align=\u00a0\u00bbcenter\u00a0\u00bb title_text_color=\u00a0\u00bb#FFFFFF\u00a0\u00bb title_font_size=\u00a0\u00bb36px\u00a0\u00bb content_font=\u00a0\u00bbAclonica|700|||||||\u00a0\u00bb content_text_align=\u00a0\u00bbcenter\u00a0\u00bb content_font_size=\u00a0\u00bb27px\u00a0\u00bb subhead_font=\u00a0\u00bbBaloo Thambi 2|||||on|||\u00a0\u00bb subhead_text_align=\u00a0\u00bbcenter\u00a0\u00bb subhead_text_color=\u00a0\u00bb#000000&Prime; subhead_font_size=\u00a0\u00bb42px\u00a0\u00bb background_color=\u00a0\u00bb#88C4DD\u00a0\u00bb background_image=\u00a0\u00bbhttps:\/\/mystery-coloring.com\/wp-content\/uploads\/2024\/10\/fantasy.webp\u00a0\u00bb background_blend=\u00a0\u00bbmultiply\u00a0\u00bb background_enable_mask_style=\u00a0\u00bbon\u00a0\u00bb background_mask_style=\u00a0\u00bbcorner-lake\u00a0\u00bb custom_button_one=\u00a0\u00bbon\u00a0\u00bb button_one_text_color=\u00a0\u00bb#FFFFFF\u00a0\u00bb button_one_bg_color=\u00a0\u00bb#8300E9&Prime; button_one_border_color=\u00a0\u00bb#FFFFFF\u00a0\u00bb button_one_font=\u00a0\u00bbAclonica||||||||\u00a0\u00bb button_one_icon=\u00a0\u00bb&#xf518;||fa||900&Prime; custom_button_two=\u00a0\u00bbon\u00a0\u00bb button_two_text_color=\u00a0\u00bb#FFFFFF\u00a0\u00bb button_two_bg_color=\u00a0\u00bb#12876F\u00a0\u00bb button_two_font=\u00a0\u00bbAclonica||||||||\u00a0\u00bb button_two_icon=\u00a0\u00bb&#xf304;||fa||900&Prime; background_layout=\u00a0\u00bblight\u00a0\u00bb hover_enabled=\u00a0\u00bb0&Prime; title_text_shadow_style=\u00a0\u00bbpreset4&Prime; subhead_text_shadow_style=\u00a0\u00bbpreset3&Prime; subhead_text_shadow_color=\u00a0\u00bb#FFFFFF\u00a0\u00bb text_shadow_style=\u00a0\u00bbpreset1&Prime; text_shadow_color=\u00a0\u00bb#8300E9&Prime; global_colors_info=\u00a0\u00bb{}\u00a0\u00bb subhead_text_shadow_vertical_length__hover_enabled=\u00a0\u00bbon|desktop\u00a0\u00bb button_two_url=\u00a0\u00bbhttps:\/\/mystery-coloring.com\/boutique\/\u00a0\u00bb button_one_url=\u00a0\u00bbhttps:\/\/mystery-coloring.com\/categorie-produit\/livres\/\u00a0\u00bb sticky_enabled=\u00a0\u00bb0&Prime;][\/et_pb_fullwidth_header][\/et_pb_section][et_pb_section fb_built=\u00a0\u00bb1&Prime; _builder_version=\u00a0\u00bb4.21.0&Prime; _module_preset=\u00a0\u00bbdefault\u00a0\u00bb global_colors_info=\u00a0\u00bb{}\u00a0\u00bb][et_pb_row _builder_version=\u00a0\u00bb4.21.0&Prime; _module_preset=\u00a0\u00bbdefault\u00a0\u00bb global_colors_info=\u00a0\u00bb{}\u00a0\u00bb][et_pb_column type=\u00a0\u00bb4_4&Prime; _builder_version=\u00a0\u00bb4.21.0&Prime; _module_preset=\u00a0\u00bbdefault\u00a0\u00bb global_colors_info=\u00a0\u00bb{}\u00a0\u00bb][et_pb_text _builder_version=\u00a0\u00bb4.21.0&Prime; _module_preset=\u00a0\u00bbdefault\u00a0\u00bb custom_padding=\u00a0\u00bb||2px|||\u00a0\u00bb global_colors_info=\u00a0\u00bb{}\u00a0\u00bb]<\/p>\n<p data-pm-slice=\"1 1 []\"><span>Les <\/span><span><strong>livres de coloriage fantasy<\/strong><\/span><span> sont id\u00e9aux pour ceux qui veulent plonger dans des mondes magiques et imaginaires. Ces livres regorgent de cr\u00e9atures mythiques, de paysages enchant\u00e9s, et de h\u00e9ros l\u00e9gendaires. Que vous aimiez les dragons, les f\u00e9es, les licornes, ou les ch\u00e2teaux myst\u00e9rieux, chaque page vous invite \u00e0 donner vie \u00e0 des univers fantastiques \u00e0 travers la couleur.<\/span><\/p>\n<p><span>Adapt\u00e9s \u00e0 tous les niveaux, ces livres permettent de cr\u00e9er des \u0153uvres riches en d\u00e9tails et en couleurs. Laissez libre cours \u00e0 votre imagination et explorez des royaumes merveilleux avec nos livres de coloriage fantasy, parfaits pour une \u00e9vasion cr\u00e9ative.<\/span><\/p>\n<p>[\/et_pb_text][\/et_pb_column][\/et_pb_row][\/et_pb_section][et_pb_section fb_built=\u00a0\u00bb1&Prime; _builder_version=\u00a0\u00bb4.21.0&Prime; _module_preset=\u00a0\u00bbdefault\u00a0\u00bb global_colors_info=\u00a0\u00bb{}\u00a0\u00bb][et_pb_row _builder_version=\u00a0\u00bb4.21.0&Prime; _module_preset=\u00a0\u00bbdefault\u00a0\u00bb global_colors_info=\u00a0\u00bb{}\u00a0\u00bb][et_pb_column type=\u00a0\u00bb4_4&Prime; _builder_version=\u00a0\u00bb4.21.0&Prime; _module_preset=\u00a0\u00bbdefault\u00a0\u00bb global_colors_info=\u00a0\u00bb{}\u00a0\u00bb][et_pb_blog fullwidth=\u00a0\u00bboff\u00a0\u00bb include_categories=\u00a0\u00bb57&Prime; _builder_version=\u00a0\u00bb4.21.0&Prime; _module_preset=\u00a0\u00bbdefault\u00a0\u00bb global_colors_info=\u00a0\u00bb{}\u00a0\u00bb][\/et_pb_blog][\/et_pb_column][\/et_pb_row][\/et_pb_section]<\/p>","protected":false},"excerpt":{"rendered":"<p>Les livres de coloriage fantasy sont id\u00e9aux pour ceux qui veulent plonger dans des mondes magiques et imaginaires. Ces livres regorgent de cr\u00e9atures mythiques, de paysages enchant\u00e9s, et de h\u00e9ros l\u00e9gendaires. Que vous aimiez les dragons, les f\u00e9es, les licornes, ou les ch\u00e2teaux myst\u00e9rieux, chaque page vous invite \u00e0 donner vie \u00e0 des univers fantastiques [&hellip;]<\/p>","protected":false},"author":1,"featured_media":0,"parent":0,"menu_order":0,"comment_status":"closed","ping_status":"closed","template":"","meta":{"_et_pb_use_builder":"on","_et_pb_old_content":"","_et_gb_content_width":"","_monsterinsights_skip_tracking":false,"_monsterinsights_sitenote_active":false,"_monsterinsights_sitenote_note":"","_monsterinsights_sitenote_category":0,"footnotes":""},"class_list":["post-619","page","type-page","status-publish","hentry"],"_links":{"self":[{"href":"https:\/\/mystery-coloring.com\/en\/wp-json\/wp\/v2\/pages\/619","targetHints":{"allow":["GET"]}}],"collection":[{"href":"https:\/\/mystery-coloring.com\/en\/wp-json\/wp\/v2\/pages"}],"about":[{"href":"https:\/\/mystery-coloring.com\/en\/wp-json\/wp\/v2\/types\/page"}],"author":[{"embeddable":true,"href":"https:\/\/mystery-coloring.com\/en\/wp-json\/wp\/v2\/users\/1"}],"replies":[{"embeddable":true,"href":"https:\/\/mystery-coloring.com\/en\/wp-json\/wp\/v2\/comments?post=619"}],"version-history":[{"count":3,"href":"https:\/\/mystery-coloring.com\/en\/wp-json\/wp\/v2\/pages\/619\/revisions"}],"predecessor-version":[{"id":658,"href":"https:\/\/mystery-coloring.com\/en\/wp-json\/wp\/v2\/pages\/619\/revisions\/658"}],"wp:attachment":[{"href":"https:\/\/mystery-coloring.com\/en\/wp-json\/wp\/v2\/media?parent=619"}],"curies":[{"name":"wp","href":"https:\/\/api.w.org\/{rel}","templated":true}]}}