{"id":185,"date":"2024-04-04T00:34:51","date_gmt":"2024-04-03T22:34:51","guid":{"rendered":"https:\/\/mystery-coloring.com\/?post_type=product&#038;p=185"},"modified":"2024-04-04T00:48:38","modified_gmt":"2024-04-03T22:48:38","slug":"lot-de-39-posca-avec-encre-a-base-deau-et-pointe-ogive-25-mm","status":"publish","type":"product","link":"https:\/\/mystery-coloring.com\/en\/boutique\/materiel\/feutres\/lot-de-39-posca-avec-encre-a-base-deau-et-pointe-ogive-25-mm\/","title":{"rendered":"Lot de 39 Posca avec encre \u00e0 base d&rsquo;eau et pointe ogive 2,5 mm"},"content":{"rendered":"<p><strong>Marque :<\/strong> POSCA<br \/>\n<strong>Nombre d&rsquo;Articles :<\/strong> 39<br \/>\n<strong>Type de Point :<\/strong> Moyenne<br \/>\n<strong>Usages Recommand\u00e9s :<\/strong> Dessin, \u00c9criture, Coloriage, Peinture, Esquisse<br \/>\n<strong>Public Cible :<\/strong> Jeunes, Adultes<br \/>\n<strong>Caract\u00e9ristique Sp\u00e9ciale :<\/strong> Non toxique<br \/>\n<strong>Recommandation de Surface :<\/strong> Multi Surface<br \/>\n<strong>Niveau de R\u00e9sistance \u00e0 l&rsquo;Eau :<\/strong> \u00c9tanche<br \/>\n<strong>Couleurs Disponibles :<\/strong> Multi &#8211; incluant Noir, Bleu, Rouge, Vert, Marron, Jaune, Violet, Rose, Orange, Orange Clair, Jaune Vif, Blanc, Vert Clair, Bleu Clair, Gris, Argent, Or, Ivoire, Vin Rouge, Gris Ardoise, Bronze, Bleu M\u00e9tallique, Rose M\u00e9tallis\u00e9, Violet M\u00e9tallique, Rouge M\u00e9tallis\u00e9, Vert \u00c9meraude, Lilas, Vert Pomme, Bleu Ciel, Rose Clair, Jaune Paille, Beige, Vert Corail, Jaune Fluo, Rose Fluo, Vert Fluorescent, et plus.<\/p>\n<h4>\u00c0 propos de cet article :<\/h4>\n<ul>\n<li><strong>Vari\u00e9t\u00e9 de Couleurs :<\/strong> Un spectre \u00e9tendu de 39 couleurs, des teintes classiques aux variantes fluorescentes et m\u00e9talliques, pour une cr\u00e9ativit\u00e9 sans limite.<\/li>\n<li><strong>Peinture Non Toxique :<\/strong> Formule \u00e0 base d&rsquo;eau, ind\u00e9l\u00e9bile et sans fuites, assurant une utilisation s\u00fbre tout en garantissant une qualit\u00e9 et pr\u00e9cision de trac\u00e9 exceptionnelles.<\/li>\n<li><strong>Multi-Surfaces :<\/strong> Parfaitement adapt\u00e9 pour une grande vari\u00e9t\u00e9 de surfaces, y compris papier, carton, argile, pierre, bois, m\u00e9tal, tissus, plastiques, verre, cuir, et bien plus.<\/li>\n<li><strong>Pointe Pr\u00e9cise :<\/strong> La pointe ogive en polyester de 2,5 mm assure des trac\u00e9s distincts et peut \u00eatre remplac\u00e9e pour prolonger la vie de vos marqueurs.<\/li>\n<li><strong>Application Homog\u00e8ne :<\/strong> Un clic suffit pour lib\u00e9rer la peinture, accompagn\u00e9 d&rsquo;une bille interne qui m\u00e9lange la peinture, garantissant une application uniforme.<\/li>\n<\/ul>","protected":false},"excerpt":{"rendered":"<p>D\u00e9couvrez l&rsquo;univers color\u00e9 des marqueurs POSCA ! Avec leur gamme \u00e9tendue de 39 couleurs vibrantes, y compris des teintes m\u00e9talliques et fluorescentes, ces marqueurs non toxiques \u00e0 base d&rsquo;eau sont parfaits pour tous vos projets cr\u00e9atifs. Con\u00e7us pour une multitude de surfaces, des papiers aux textiles en passant par le verre et le m\u00e9tal, les marqueurs POSCA offrent une application homog\u00e8ne et une durabilit\u00e9 exceptionnelle, gr\u00e2ce \u00e0 leur pointe ogive moyenne de 2,5 mm, rempla\u00e7able et \u00e9tanche. Que vous soyez artiste d\u00e9butant ou confirm\u00e9, laissez libre cours \u00e0 votre imagination avec POSCA, votre choix id\u00e9al pour dessiner, colorier, peindre et esquisser<\/p>","protected":false},"featured_media":149,"comment_status":"open","ping_status":"closed","template":"","meta":{"_et_pb_use_builder":"","_et_pb_old_content":"","_et_gb_content_width":"","_monsterinsights_skip_tracking":false,"_monsterinsights_sitenote_active":false,"_monsterinsights_sitenote_note":"","_monsterinsights_sitenote_category":0},"product_brand":[],"product_cat":[25],"product_tag":[],"class_list":{"0":"post-185","1":"product","2":"type-product","3":"status-publish","4":"has-post-thumbnail","6":"product_cat-feutres","8":"first","9":"instock","10":"shipping-taxable","11":"product-type-external"},"_links":{"self":[{"href":"https:\/\/mystery-coloring.com\/en\/wp-json\/wp\/v2\/product\/185","targetHints":{"allow":["GET"]}}],"collection":[{"href":"https:\/\/mystery-coloring.com\/en\/wp-json\/wp\/v2\/product"}],"about":[{"href":"https:\/\/mystery-coloring.com\/en\/wp-json\/wp\/v2\/types\/product"}],"replies":[{"embeddable":true,"href":"https:\/\/mystery-coloring.com\/en\/wp-json\/wp\/v2\/comments?post=185"}],"wp:featuredmedia":[{"embeddable":true,"href":"https:\/\/mystery-coloring.com\/en\/wp-json\/wp\/v2\/media\/149"}],"wp:attachment":[{"href":"https:\/\/mystery-coloring.com\/en\/wp-json\/wp\/v2\/media?parent=185"}],"wp:term":[{"taxonomy":"product_brand","embeddable":true,"href":"https:\/\/mystery-coloring.com\/en\/wp-json\/wp\/v2\/product_brand?post=185"},{"taxonomy":"product_cat","embeddable":true,"href":"https:\/\/mystery-coloring.com\/en\/wp-json\/wp\/v2\/product_cat?post=185"},{"taxonomy":"product_tag","embeddable":true,"href":"https:\/\/mystery-coloring.com\/en\/wp-json\/wp\/v2\/product_tag?post=185"}],"curies":[{"name":"wp","href":"https:\/\/api.w.org\/{rel}","templated":true}]}}