{"id":217,"date":"2024-04-12T11:44:02","date_gmt":"2024-04-12T09:44:02","guid":{"rendered":"https:\/\/mystery-coloring.com\/?post_type=product&#038;p=217"},"modified":"2024-04-12T11:44:02","modified_gmt":"2024-04-12T09:44:02","slug":"malette-20-marqueurs-posca-street-art","status":"publish","type":"product","link":"https:\/\/mystery-coloring.com\/en\/boutique\/materiel\/feutres\/malette-20-marqueurs-posca-street-art\/","title":{"rendered":"Malette 20 marqueurs Posca Street Art"},"content":{"rendered":"<ul>\n<li><strong>Assortiment de 20 marqueurs<\/strong> avec trois diff\u00e9rentes tailles de pointes :\n<ul>\n<li><strong>PC1MC<\/strong> : Ivoire, Bleu fonc\u00e9, Violet, Gris, Noir, Or.<\/li>\n<li><strong>PC3M<\/strong> : Blanc, Rose fuchsia, Rouge fonc\u00e9, Noir, Vert kaki, Marron fonc\u00e9, Gris ardoise.<\/li>\n<li><strong>PC5M<\/strong> : Jaune fluo, Rose fluo, Rouge fluo, Orange fluo, Bleu ciel, Vert pomme, Vert d\u2019eau.<\/li>\n<\/ul>\n<\/li>\n<li><strong>Type de peinture<\/strong> : Peinture \u00e0 base d&rsquo;eau, opaque et couvrante, sans alcool ni solvant et sans odeur, ce qui les rend adapt\u00e9s pour une utilisation en int\u00e9rieur sans ventilation sp\u00e9ciale.<\/li>\n<li><strong>Caract\u00e9ristiques sp\u00e9cifiques<\/strong> :\n<ul>\n<li><strong>Permanent sur surfaces poreuses<\/strong> : La peinture est durable sur des mat\u00e9riaux comme le bois, le papier, le carton, et plus encore.<\/li>\n<li><strong>Effa\u00e7able sur le verre<\/strong> : Permet une utilisation temporaire sur des surfaces lisses non poreuses, id\u00e9al pour des d\u00e9corations \u00e9ph\u00e9m\u00e8res ou des marquages qui peuvent \u00eatre modifi\u00e9s ou retir\u00e9s.<\/li>\n<li><strong>Couleurs miscibles, aquarellables et superposables<\/strong> : Offre une grande flexibilit\u00e9 pour m\u00e9langer les couleurs, utiliser des techniques d\u2019aquarelle ou construire des couches de couleur pour des effets complexes.<\/li>\n<\/ul>\n<\/li>\n<li><strong>Utilisations<\/strong> : Id\u00e9ales pour peindre, colorer, dessiner, d\u00e9corer, et marquer diverses surfaces, ces marqueurs semblent adapt\u00e9s tant pour des artistes professionnels que pour des amateurs ou des utilisations pratiques quotidiennes.<\/li>\n<\/ul>\n<p>Cet ensemble semble extr\u00eamement utile pour une vari\u00e9t\u00e9 de projets cr\u00e9atifs, que ce soit en art, en d\u00e9coration ou m\u00eame en design.<\/p>","protected":false},"excerpt":{"rendered":"<div class=\"flex-1 overflow-hidden\">\n<div class=\"react-scroll-to-bottom--css-johqe-79elbk h-full\">\n<div class=\"react-scroll-to-bottom--css-johqe-1n7m0yu\">\n<div class=\"flex flex-col text-sm pb-9\">\n<div class=\"w-full text-token-text-primary\" dir=\"auto\" data-testid=\"conversation-turn-5\">\n<div class=\"px-4 py-2 justify-center text-base md:gap-6 m-auto\">\n<div class=\"flex flex-1 text-base mx-auto gap-3 juice:gap-4 juice:md:gap-6 md:px-5 lg:px-1 xl:px-5 md:max-w-3xl lg:max-w-[40rem] xl:max-w-[48rem] group final-completion\">\n<div class=\"relative flex w-full flex-col agent-turn\">\n<div class=\"flex-col gap-1 md:gap-3\">\n<div class=\"flex flex-grow flex-col max-w-full\">\n<div class=\"min-h-[20px] text-message flex flex-col items-start gap-3 whitespace-pre-wrap break-words [.text-message+&amp;]:mt-5 overflow-x-auto\" dir=\"auto\" data-message-author-role=\"assistant\" data-message-id=\"4593e646-8653-4ece-9d31-385b8417673a\">\n<div class=\"markdown prose w-full break-words dark:prose-invert light\">\n<p>La malette contient 20 marqueurs \u00e0 peinture \u00e0 base d&rsquo;eau avec trois tailles de pointes diff\u00e9rentes (PC1MC, PC3M, PC5M), offrant une gamme de couleurs allant des tons pastel aux fluo. La peinture est opaque, sans alcool ni solvant et sans odeur, permanente sur surfaces poreuses et effa\u00e7able sur le verre. Les couleurs sont miscibles et superposables, id\u00e9ales pour une vari\u00e9t\u00e9 d&rsquo;usages artistiques et pratiques.<\/p>\n<\/div>\n<\/div>\n<\/div>\n<\/div>\n<\/div>\n<\/div>\n<\/div>\n<\/div>\n<\/div>\n<\/div>\n<\/div>\n<\/div>","protected":false},"featured_media":218,"comment_status":"open","ping_status":"closed","template":"","meta":{"_et_pb_use_builder":"","_et_pb_old_content":"","_et_gb_content_width":"","_monsterinsights_skip_tracking":false,"_monsterinsights_sitenote_active":false,"_monsterinsights_sitenote_note":"","_monsterinsights_sitenote_category":0},"product_brand":[],"product_cat":[25],"product_tag":[34],"class_list":{"0":"post-217","1":"product","2":"type-product","3":"status-publish","4":"has-post-thumbnail","6":"product_cat-feutres","7":"product_tag-posca","9":"first","10":"instock","11":"shipping-taxable","12":"product-type-external"},"_links":{"self":[{"href":"https:\/\/mystery-coloring.com\/en\/wp-json\/wp\/v2\/product\/217","targetHints":{"allow":["GET"]}}],"collection":[{"href":"https:\/\/mystery-coloring.com\/en\/wp-json\/wp\/v2\/product"}],"about":[{"href":"https:\/\/mystery-coloring.com\/en\/wp-json\/wp\/v2\/types\/product"}],"replies":[{"embeddable":true,"href":"https:\/\/mystery-coloring.com\/en\/wp-json\/wp\/v2\/comments?post=217"}],"wp:featuredmedia":[{"embeddable":true,"href":"https:\/\/mystery-coloring.com\/en\/wp-json\/wp\/v2\/media\/218"}],"wp:attachment":[{"href":"https:\/\/mystery-coloring.com\/en\/wp-json\/wp\/v2\/media?parent=217"}],"wp:term":[{"taxonomy":"product_brand","embeddable":true,"href":"https:\/\/mystery-coloring.com\/en\/wp-json\/wp\/v2\/product_brand?post=217"},{"taxonomy":"product_cat","embeddable":true,"href":"https:\/\/mystery-coloring.com\/en\/wp-json\/wp\/v2\/product_cat?post=217"},{"taxonomy":"product_tag","embeddable":true,"href":"https:\/\/mystery-coloring.com\/en\/wp-json\/wp\/v2\/product_tag?post=217"}],"curies":[{"name":"wp","href":"https:\/\/api.w.org\/{rel}","templated":true}]}}