{"id":304,"date":"2024-06-15T12:10:04","date_gmt":"2024-06-15T10:10:04","guid":{"rendered":"https:\/\/mystery-coloring.com\/?post_type=product&#038;p=304"},"modified":"2024-06-17T16:17:45","modified_gmt":"2024-06-17T14:17:45","slug":"coloriages-mysteres-disney-princesses-coloriez-les-chiffres-et-decouvrez-limage","status":"publish","type":"product","link":"https:\/\/mystery-coloring.com\/en\/boutique\/livres\/coloriages-mysteres-disney\/coloriages-mysteres-disney-princesses-coloriez-les-chiffres-et-decouvrez-limage\/","title":{"rendered":"Coloriages myst\u00e8res Disney Princesses : Coloriez les chiffres et d\u00e9couvrez l&rsquo;image"},"content":{"rendered":"<p><em><strong>Vaiana ou Blanche-Neige ? Cendrillon ou Ariel ? Belle ou Mulan ? Tiana ou Pocahontas ? Aurore ou Raiponce ?<\/strong> Broch\u00e9 \u2013 Illustr\u00e9, 3 f\u00e9vrier 2021<\/em><\/p>\n<p>D\u00e9couvrez la magie des princesses Disney avec ce livre de coloriages myst\u00e8res unique en son genre. Que ce soit Vaiana, Blanche-Neige, Cendrillon, Ariel, Belle, Mulan, Tiana, Pocahontas, Aurore ou Raiponce, retrouvez 100 illustrations in\u00e9dites \u00e0 colorier. Chaque page vous propose de r\u00e9v\u00e9ler une princesse embl\u00e9matique en coloriant les cases num\u00e9rot\u00e9es selon le code couleur fourni. Avec chaque coup de crayon, laissez appara\u00eetre l&rsquo;\u00e9l\u00e9gance et la beaut\u00e9 des h\u00e9ro\u00efnes les plus aim\u00e9es de Disney. Un moment de d\u00e9tente et de cr\u00e9ativit\u00e9 assur\u00e9, pour les enfants comme pour les adultes fans de l&rsquo;univers Disney.<\/p>\n<p>Retrouvez 100 coloriages myst\u00e8res in\u00e9dits \u00e0 d\u00e9couvrir case apr\u00e8s case. Appliquez les couleurs et faites appara\u00eetre les plus iconiques des princesses Disney.<\/p>\n<p><strong>D\u00e9tails sur le produit<\/strong><\/p>\n<ul>\n<li><strong>\u00c9diteur<\/strong> : Hachette Heroes; Illustrated \u00e9dition (3 f\u00e9vrier 2021)<\/li>\n<li><strong>Langue<\/strong> : Fran\u00e7ais<\/li>\n<li><strong>Broch\u00e9<\/strong> : 128 pages<\/li>\n<li><strong>ISBN-10<\/strong> : 2019457156<\/li>\n<li><strong>ISBN-13<\/strong> : 978-2019457150<\/li>\n<li><strong>Poids de l&rsquo;article<\/strong> : 667 g<\/li>\n<li><strong>Dimensions<\/strong> : 21.8 x 1.2 x 30 cm<\/li>\n<\/ul>","protected":false},"excerpt":{"rendered":"<div id=\"detailBullets_feature_div\">\n<ul class=\"a-unordered-list a-nostyle a-vertical a-spacing-none detail-bullet-list\">\n<li><span class=\"a-list-item\"> <span class=\"a-text-bold\">\u00c9diteur \u200f : \u200e <\/span> Hachette Heroes; Illustrated \u00e9dition (3 f\u00e9vrier 2021) <\/span><\/li>\n<li><span class=\"a-list-item\"> <span class=\"a-text-bold\">Langue \u200f : \u200e <\/span> Fran\u00e7ais <\/span><\/li>\n<li><span class=\"a-list-item\"> <span class=\"a-text-bold\">Broch\u00e9 \u200f : \u200e <\/span> 128 pages <\/span><\/li>\n<li><span class=\"a-list-item\"> <span class=\"a-text-bold\">ISBN-10 \u200f : \u200e <\/span> 2019457156 <\/span><\/li>\n<li><span class=\"a-list-item\"> <span class=\"a-text-bold\">ISBN-13 \u200f : \u200e <\/span> 978-2019457150 <\/span><\/li>\n<li><span class=\"a-list-item\"> <span class=\"a-text-bold\">Poids de l&rsquo;article \u200f : \u200e <\/span> 667 g <\/span><\/li>\n<li><span class=\"a-list-item\"> <span class=\"a-text-bold\">Dimensions \u200f : \u200e <\/span> 21.8 x 1.2 x 30 cm <\/span><\/li>\n<\/ul>\n<\/div>","protected":false},"featured_media":305,"comment_status":"open","ping_status":"closed","template":"","meta":{"_et_pb_use_builder":"","_et_pb_old_content":"","_et_gb_content_width":"","_monsterinsights_skip_tracking":false,"_monsterinsights_sitenote_active":false,"_monsterinsights_sitenote_note":"","_monsterinsights_sitenote_category":0},"product_brand":[],"product_cat":[30],"product_tag":[],"class_list":{"0":"post-304","1":"product","2":"type-product","3":"status-publish","4":"has-post-thumbnail","6":"product_cat-coloriages-mysteres-disney","8":"first","9":"instock","10":"shipping-taxable","11":"product-type-external"},"_links":{"self":[{"href":"https:\/\/mystery-coloring.com\/en\/wp-json\/wp\/v2\/product\/304","targetHints":{"allow":["GET"]}}],"collection":[{"href":"https:\/\/mystery-coloring.com\/en\/wp-json\/wp\/v2\/product"}],"about":[{"href":"https:\/\/mystery-coloring.com\/en\/wp-json\/wp\/v2\/types\/product"}],"replies":[{"embeddable":true,"href":"https:\/\/mystery-coloring.com\/en\/wp-json\/wp\/v2\/comments?post=304"}],"wp:featuredmedia":[{"embeddable":true,"href":"https:\/\/mystery-coloring.com\/en\/wp-json\/wp\/v2\/media\/305"}],"wp:attachment":[{"href":"https:\/\/mystery-coloring.com\/en\/wp-json\/wp\/v2\/media?parent=304"}],"wp:term":[{"taxonomy":"product_brand","embeddable":true,"href":"https:\/\/mystery-coloring.com\/en\/wp-json\/wp\/v2\/product_brand?post=304"},{"taxonomy":"product_cat","embeddable":true,"href":"https:\/\/mystery-coloring.com\/en\/wp-json\/wp\/v2\/product_cat?post=304"},{"taxonomy":"product_tag","embeddable":true,"href":"https:\/\/mystery-coloring.com\/en\/wp-json\/wp\/v2\/product_tag?post=304"}],"curies":[{"name":"wp","href":"https:\/\/api.w.org\/{rel}","templated":true}]}}