{"id":307,"date":"2024-06-17T16:06:14","date_gmt":"2024-06-17T14:06:14","guid":{"rendered":"https:\/\/mystery-coloring.com\/?post_type=product&#038;p=307"},"modified":"2024-10-07T15:43:55","modified_gmt":"2024-10-07T13:43:55","slug":"coloriages-mysteres-disney-famille","status":"publish","type":"product","link":"https:\/\/mystery-coloring.com\/en\/boutique\/livres\/coloriages-mysteres-disney\/coloriages-mysteres-disney-famille\/","title":{"rendered":"Coloriages myst\u00e8res Disney &#8211; Famille"},"content":{"rendered":"<p><strong>Lien filial ou lien du c\u0153ur, la famille occupe une place importante dans les chefs-d\u2019\u0153uvre Disney et Pixar.<\/strong><\/p>\n<p>Les liens familiaux sont au c\u0153ur des chefs-d&rsquo;\u0153uvre Disney et Pixar. Que ce soit entre fr\u00e8res et s\u0153urs, au sein de familles nombreuses, ou dans des familles d\u2019adoption, nos h\u00e9ros pr\u00e9f\u00e9r\u00e9s sont toujours bien entour\u00e9s. Ce livre de coloriages myst\u00e8res vous permet de retrouver la douceur de ces instants partag\u00e9s en famille. Suivez le code couleur et laissez appara\u00eetre les sc\u00e8nes touchantes et les personnages embl\u00e9matiques de l&rsquo;univers Disney. Rejoignez la grande famille des personnages Disney et c\u00e9l\u00e9brez les liens qui les unissent \u00e0 travers ces coloriages empreints de tendresse et de magie.<\/p>\n<p><strong>D\u00e9tails sur le produit<\/strong><\/p>\n<ul>\n<li><strong>\u00c9diteur<\/strong> : Hachette Heroes (21 f\u00e9vrier 2024)<\/li>\n<li><strong>Langue<\/strong> : Fran\u00e7ais<\/li>\n<li><strong>Broch\u00e9<\/strong> : 128 pages<\/li>\n<li><strong>ISBN-10<\/strong> : 201724225X<\/li>\n<li><strong>ISBN-13<\/strong> : 978-2017242253<\/li>\n<li><strong>Poids de l&rsquo;article<\/strong> : 645 g<\/li>\n<li><strong>Dimensions<\/strong> : 21.7 x 1.7 x 30.2 cm<\/li>\n<\/ul>","protected":false},"excerpt":{"rendered":"<p>Les h\u00e9ros Disney et Pixar sont entour\u00e9s de leurs familles, qu&rsquo;elles soient nombreuses, adoptives ou fraternelles. Retrouvez la magie de ces moments partag\u00e9s gr\u00e2ce \u00e0 ces coloriages myst\u00e8res. Suivez le code couleur et rejoignez la grande famille des personnages Disney en r\u00e9v\u00e9lant des sc\u00e8nes touchantes et embl\u00e9matiques.<\/p>","protected":false},"featured_media":308,"comment_status":"open","ping_status":"closed","template":"","meta":{"_et_pb_use_builder":"","_et_pb_old_content":"","_et_gb_content_width":"","_monsterinsights_skip_tracking":false,"_monsterinsights_sitenote_active":false,"_monsterinsights_sitenote_note":"","_monsterinsights_sitenote_category":0},"product_brand":[],"product_cat":[30],"product_tag":[],"class_list":{"0":"post-307","1":"product","2":"type-product","3":"status-publish","4":"has-post-thumbnail","6":"product_cat-coloriages-mysteres-disney","8":"first","9":"instock","10":"shipping-taxable","11":"product-type-external"},"_links":{"self":[{"href":"https:\/\/mystery-coloring.com\/en\/wp-json\/wp\/v2\/product\/307","targetHints":{"allow":["GET"]}}],"collection":[{"href":"https:\/\/mystery-coloring.com\/en\/wp-json\/wp\/v2\/product"}],"about":[{"href":"https:\/\/mystery-coloring.com\/en\/wp-json\/wp\/v2\/types\/product"}],"replies":[{"embeddable":true,"href":"https:\/\/mystery-coloring.com\/en\/wp-json\/wp\/v2\/comments?post=307"}],"wp:featuredmedia":[{"embeddable":true,"href":"https:\/\/mystery-coloring.com\/en\/wp-json\/wp\/v2\/media\/308"}],"wp:attachment":[{"href":"https:\/\/mystery-coloring.com\/en\/wp-json\/wp\/v2\/media?parent=307"}],"wp:term":[{"taxonomy":"product_brand","embeddable":true,"href":"https:\/\/mystery-coloring.com\/en\/wp-json\/wp\/v2\/product_brand?post=307"},{"taxonomy":"product_cat","embeddable":true,"href":"https:\/\/mystery-coloring.com\/en\/wp-json\/wp\/v2\/product_cat?post=307"},{"taxonomy":"product_tag","embeddable":true,"href":"https:\/\/mystery-coloring.com\/en\/wp-json\/wp\/v2\/product_tag?post=307"}],"curies":[{"name":"wp","href":"https:\/\/api.w.org\/{rel}","templated":true}]}}