{"id":309,"date":"2024-06-17T16:12:35","date_gmt":"2024-06-17T14:12:35","guid":{"rendered":"https:\/\/mystery-coloring.com\/?post_type=product&#038;p=309"},"modified":"2024-06-17T16:19:36","modified_gmt":"2024-06-17T14:19:36","slug":"coloriages-mysteres-disney-les-grands-classiques-tome-11","status":"publish","type":"product","link":"https:\/\/mystery-coloring.com\/en\/boutique\/livres\/coloriages-mysteres-disney\/coloriages-mysteres-disney-les-grands-classiques-tome-11\/","title":{"rendered":"Coloriages myst\u00e8res Disney &#8211; Les Grands classiques Tome 11"},"content":{"rendered":"<p>Les h\u00e9ros Disney et Pixar sont entour\u00e9s de leurs familles, qu&rsquo;elles soient nombreuses, adoptives ou fraternelles. Retrouvez la magie de ces moments partag\u00e9s gr\u00e2ce \u00e0 ces coloriages myst\u00e8res. Suivez le code couleur et rejoignez la grande famille des personnages Disney en r\u00e9v\u00e9lant des sc\u00e8nes touchantes et embl\u00e9matiques.<\/p>\n<p>En compagnie de la famille Madrigal, du s\u00e9duisant Flynn Rider ou encore du champion Flash McQueen, ce nouveau tome des Grands Classiques vous offre des sc\u00e8nes in\u00e9dites tir\u00e9es des chefs-d\u2019\u0153uvres Disney et Pixar. Et pour maximiser le plaisir, de magnifiques doubles-pages mettant \u00e0 l\u2019honneur vos personnages favoris y sont incluses !<\/p>\n<p>Gr\u00e2ce aux codes couleurs, d\u00e9m\u00ealez les entrelacs des lignes, appliquez chaque nuance dans la zone correspondante et r\u00e9v\u00e9lez la sc\u00e8ne repr\u00e9sent\u00e9e. Coloriez les chiffres et d\u00e9couvrez l&rsquo;image !<\/p>\n<p><strong>D\u00e9tails sur le produit<\/strong><\/p>\n<ul>\n<li><strong>\u00c9diteur<\/strong> : Hachette Heroes; Illustrated \u00e9dition (17 avril 2024)<\/li>\n<li><strong>Langue<\/strong> : Fran\u00e7ais<\/li>\n<li><strong>Broch\u00e9<\/strong> : 128 pages<\/li>\n<li><strong>ISBN-10<\/strong> : 2017256951<\/li>\n<li><strong>ISBN-13<\/strong> : 978-2017256953<\/li>\n<li><strong>Poids de l&rsquo;article<\/strong> : 644 g<\/li>\n<li><strong>Dimensions<\/strong> : 21.7 x 1.4 x 30 cm<\/li>\n<\/ul>\n<p>Attention; apr\u00e8s r\u00e9ception v\u00e9rifiez votre tome gr\u00e2ce \u00e0 notre article guide avant de l&rsquo;utiliser ! <a href=\"https:\/\/mystery-coloring.com\/en\/erreurs-dimpression-coloriages-mysteres-disney-les-grands-classiques-tome-11\/\">Rendez-vous ici <\/a>! S&rsquo;il n&rsquo;est pas conforme, les renvois sont possibles<\/p>","protected":false},"excerpt":{"rendered":"<p>En compagnie de la famille Madrigal, du s\u00e9duisant Flynn Rider ou encore du champion Flash McQueen, ce nouveau tome des Grands Classiques vous offre des sc\u00e8nes in\u00e9dites tir\u00e9es des chefs-d\u2019\u0153uvre Disney et Pixar.<\/p>","protected":false},"featured_media":310,"comment_status":"open","ping_status":"closed","template":"","meta":{"_et_pb_use_builder":"","_et_pb_old_content":"","_et_gb_content_width":"","_monsterinsights_skip_tracking":false,"_monsterinsights_sitenote_active":false,"_monsterinsights_sitenote_note":"","_monsterinsights_sitenote_category":0},"product_brand":[],"product_cat":[30],"product_tag":[],"class_list":{"0":"post-309","1":"product","2":"type-product","3":"status-publish","4":"has-post-thumbnail","6":"product_cat-coloriages-mysteres-disney","8":"first","9":"instock","10":"shipping-taxable","11":"product-type-external"},"_links":{"self":[{"href":"https:\/\/mystery-coloring.com\/en\/wp-json\/wp\/v2\/product\/309","targetHints":{"allow":["GET"]}}],"collection":[{"href":"https:\/\/mystery-coloring.com\/en\/wp-json\/wp\/v2\/product"}],"about":[{"href":"https:\/\/mystery-coloring.com\/en\/wp-json\/wp\/v2\/types\/product"}],"replies":[{"embeddable":true,"href":"https:\/\/mystery-coloring.com\/en\/wp-json\/wp\/v2\/comments?post=309"}],"wp:featuredmedia":[{"embeddable":true,"href":"https:\/\/mystery-coloring.com\/en\/wp-json\/wp\/v2\/media\/310"}],"wp:attachment":[{"href":"https:\/\/mystery-coloring.com\/en\/wp-json\/wp\/v2\/media?parent=309"}],"wp:term":[{"taxonomy":"product_brand","embeddable":true,"href":"https:\/\/mystery-coloring.com\/en\/wp-json\/wp\/v2\/product_brand?post=309"},{"taxonomy":"product_cat","embeddable":true,"href":"https:\/\/mystery-coloring.com\/en\/wp-json\/wp\/v2\/product_cat?post=309"},{"taxonomy":"product_tag","embeddable":true,"href":"https:\/\/mystery-coloring.com\/en\/wp-json\/wp\/v2\/product_tag?post=309"}],"curies":[{"name":"wp","href":"https:\/\/api.w.org\/{rel}","templated":true}]}}