{"id":311,"date":"2024-06-17T21:47:00","date_gmt":"2024-06-17T19:47:00","guid":{"rendered":"https:\/\/mystery-coloring.com\/?post_type=product&#038;p=311"},"modified":"2024-06-17T21:47:00","modified_gmt":"2024-06-17T19:47:00","slug":"coloriages-mysteres-schtroumpfs","status":"publish","type":"product","link":"https:\/\/mystery-coloring.com\/en\/boutique\/livres\/coloriages-mysteres-disney\/coloriages-mysteres-schtroumpfs\/","title":{"rendered":"Coloriages myst\u00e8res &#8211; Schtroumpfs"},"content":{"rendered":"<p><strong>Plongez dans l\u2019univers enchanteur des Schtroumpfs !<\/strong><\/p>\n<p>Au fil de ces illustrations in\u00e9dites, suivez le code couleur et laissez-vous surprendre par Grand Schtroumpf, la Schtroumpfette ou encore le terrible Gargamel. Installez-vous confortablement dans votre maison champignon et aiguisez vos plus beaux crayons pour un moment schtroumpfement relaxant !<\/p>\n<p><strong>D\u00e9tails sur le produit<\/strong><\/p>\n<ul>\n<li><strong>\u00c9diteur<\/strong> : Hachette Heroes (22 mai 2024)<\/li>\n<li><strong>Langue<\/strong> : Fran\u00e7ais<\/li>\n<li><strong>Broch\u00e9<\/strong> : 128 pages<\/li>\n<li><strong>ISBN-10<\/strong> : 201725696X<\/li>\n<li><strong>ISBN-13<\/strong> : 978-2017256960<\/li>\n<li><strong>\u00c2ge de lecture<\/strong> : D\u00e8s 3 ans<\/li>\n<li><strong>Poids de l&rsquo;article<\/strong> : 658 g<\/li>\n<li><strong>Dimensions<\/strong> : 21.6 x 1.2 x 30 cm<\/li>\n<\/ul>","protected":false},"excerpt":{"rendered":"<p>Suivez le code couleur pour d\u00e9couvrir Grand Schtroumpf, la Schtroumpfette et le terrible Gargamel. Installez-vous confortablement et pr\u00e9parez vos plus beaux crayons pour un moment de d\u00e9tente schtroumpfement relaxant !<\/p>","protected":false},"featured_media":312,"comment_status":"open","ping_status":"closed","template":"","meta":{"_et_pb_use_builder":"","_et_pb_old_content":"","_et_gb_content_width":"","_monsterinsights_skip_tracking":false,"_monsterinsights_sitenote_active":false,"_monsterinsights_sitenote_note":"","_monsterinsights_sitenote_category":0},"product_brand":[],"product_cat":[30],"product_tag":[],"class_list":{"0":"post-311","1":"product","2":"type-product","3":"status-publish","4":"has-post-thumbnail","6":"product_cat-coloriages-mysteres-disney","8":"first","9":"instock","10":"shipping-taxable","11":"product-type-external"},"_links":{"self":[{"href":"https:\/\/mystery-coloring.com\/en\/wp-json\/wp\/v2\/product\/311","targetHints":{"allow":["GET"]}}],"collection":[{"href":"https:\/\/mystery-coloring.com\/en\/wp-json\/wp\/v2\/product"}],"about":[{"href":"https:\/\/mystery-coloring.com\/en\/wp-json\/wp\/v2\/types\/product"}],"replies":[{"embeddable":true,"href":"https:\/\/mystery-coloring.com\/en\/wp-json\/wp\/v2\/comments?post=311"}],"wp:featuredmedia":[{"embeddable":true,"href":"https:\/\/mystery-coloring.com\/en\/wp-json\/wp\/v2\/media\/312"}],"wp:attachment":[{"href":"https:\/\/mystery-coloring.com\/en\/wp-json\/wp\/v2\/media?parent=311"}],"wp:term":[{"taxonomy":"product_brand","embeddable":true,"href":"https:\/\/mystery-coloring.com\/en\/wp-json\/wp\/v2\/product_brand?post=311"},{"taxonomy":"product_cat","embeddable":true,"href":"https:\/\/mystery-coloring.com\/en\/wp-json\/wp\/v2\/product_cat?post=311"},{"taxonomy":"product_tag","embeddable":true,"href":"https:\/\/mystery-coloring.com\/en\/wp-json\/wp\/v2\/product_tag?post=311"}],"curies":[{"name":"wp","href":"https:\/\/api.w.org\/{rel}","templated":true}]}}