{"id":324,"date":"2024-10-01T18:26:05","date_gmt":"2024-10-01T16:26:05","guid":{"rendered":"https:\/\/mystery-coloring.com\/?post_type=product&#038;p=324"},"modified":"2024-10-07T15:54:11","modified_gmt":"2024-10-07T13:54:11","slug":"karin-decobrush-master-set-84-pieces-couleurs-basique-passion-violet-bleu-nature-nude-gris-pastel-ref-kar29c10","status":"publish","type":"product","link":"https:\/\/mystery-coloring.com\/en\/boutique\/materiel\/feutres\/karin-decobrush-master-set-84-pieces-couleurs-basique-passion-violet-bleu-nature-nude-gris-pastel-ref-kar29c10\/","title":{"rendered":"KARIN Megabox Marqueur PRO Brushpens \u00e0 base d&rsquo;eau pour peindre, dessiner et grimper Multicolore"},"content":{"rendered":"<p><strong>Marqueur PRO Mega Box &#8211; 60 Couleurs + 3 Feutres &#8211; Emballage Pratique pour Peinture, Dessin et Lettrage<\/strong><\/p>\n<p>Ce coffret exclusif contient 60 couleurs vibrantes et 3 feutres, le tout dans un emballage pratique, id\u00e9al pour la peinture, le dessin et l&rsquo;\u00e9criture manuscrite. Les couleurs peuvent \u00eatre m\u00e9lang\u00e9es pour cr\u00e9er de subtiles transitions, gr\u00e2ce \u00e0 une disposition organis\u00e9e selon la m\u00e9thode chromatique. Chaque marqueur contient 2,4 ml de couleur, fabriqu\u00e9e avec la technologie d&rsquo;encre liquide, assurant une intensit\u00e9 constante jusqu&rsquo;\u00e0 la derni\u00e8re goutte et un d\u00e9bit d&rsquo;encre r\u00e9gulier.<\/p>\n<p>Ces marqueurs sont deux fois plus efficaces que les marqueurs \u00e0 filtre traditionnels et sont \u00e9quip\u00e9s de pointes en nylon japonaises robustes et flexibles. Les encres sont non toxiques et \u00e0 base de colorants, offrant des couleurs intenses.<\/p>\n<h3>Couleurs incluses :<\/h3>\n<p>Jaune sulfur, ambre 216, ambre 195, blush 172, orange p\u00e2le 357, noir 030, skin1 200, skin2 201, canary 166, cerise 375, orange rouge 051, rouge fire 092, rouge \u00e0 l\u00e8vres 181, rose p\u00e2le 220, rose 168, magenta red 170, bordeaux 075, magenta 359, rouge lilac 358, prune 197, or 283, grass 253, henna 105, violet p\u00e2le 247, lilac 226, violet bleu 688, bleu indigo 169, bleu saphir 189, bleu tian 305, cyan 207, bleu ciel 621, bleu arctique 264, cool aqua 204, oc\u00e9an teal 377, vert lush 228, noir olive 447, vert olive 281, apple 210, curry 297, vert lime 071, ochre 552, rose wood 272, sablone 174, rouge 209, praline 385, marron cuivre 282, cinnamon 199co, bleu royal 045, sepia 074, gris 160, gris froid 159, gris froid 158, gris chaud 1 278, turquoise 654, gris chaud 2 277, gris chaud 3 276, gris neutre 1 133, gris neutre 2 132, gris neutre 3 131.<\/p>\n<h3>Contenu du coffret :<\/h3>\n<p>60 marqueurs et 3 feutres suppl\u00e9mentaires, pr\u00e9sent\u00e9s dans un emballage ergonomique et facile \u00e0 utiliser. Conservez les marqueurs \u00e0 la verticale pour un stockage optimal.<\/p>","protected":false},"excerpt":{"rendered":"<p><strong>Marqueur PRO Mega Box &#8211; 60 Couleurs + 3 Feutres<\/strong><\/p>\n<p>Coffret pratique avec 60 couleurs vibrantes et 3 feutres, id\u00e9al pour peinture, dessin et lettrage. Encre liquide pour une intensit\u00e9 constante et pointes en nylon robustes. Non toxique.<\/p>\n<h3>Contenu :<\/h3>\n<p>60 marqueurs + 3 feutres<\/p>","protected":false},"featured_media":325,"comment_status":"open","ping_status":"closed","template":"","meta":{"_et_pb_use_builder":"","_et_pb_old_content":"","_et_gb_content_width":"","_monsterinsights_skip_tracking":false,"_monsterinsights_sitenote_active":false,"_monsterinsights_sitenote_note":"","_monsterinsights_sitenote_category":0},"product_brand":[],"product_cat":[43,27,25],"product_tag":[],"class_list":{"0":"post-324","1":"product","2":"type-product","3":"status-publish","4":"has-post-thumbnail","6":"product_cat-karin","7":"product_cat-materiel","8":"product_cat-feutres","10":"first","11":"instock","12":"shipping-taxable","13":"product-type-external"},"_links":{"self":[{"href":"https:\/\/mystery-coloring.com\/en\/wp-json\/wp\/v2\/product\/324","targetHints":{"allow":["GET"]}}],"collection":[{"href":"https:\/\/mystery-coloring.com\/en\/wp-json\/wp\/v2\/product"}],"about":[{"href":"https:\/\/mystery-coloring.com\/en\/wp-json\/wp\/v2\/types\/product"}],"replies":[{"embeddable":true,"href":"https:\/\/mystery-coloring.com\/en\/wp-json\/wp\/v2\/comments?post=324"}],"wp:featuredmedia":[{"embeddable":true,"href":"https:\/\/mystery-coloring.com\/en\/wp-json\/wp\/v2\/media\/325"}],"wp:attachment":[{"href":"https:\/\/mystery-coloring.com\/en\/wp-json\/wp\/v2\/media?parent=324"}],"wp:term":[{"taxonomy":"product_brand","embeddable":true,"href":"https:\/\/mystery-coloring.com\/en\/wp-json\/wp\/v2\/product_brand?post=324"},{"taxonomy":"product_cat","embeddable":true,"href":"https:\/\/mystery-coloring.com\/en\/wp-json\/wp\/v2\/product_cat?post=324"},{"taxonomy":"product_tag","embeddable":true,"href":"https:\/\/mystery-coloring.com\/en\/wp-json\/wp\/v2\/product_tag?post=324"}],"curies":[{"name":"wp","href":"https:\/\/api.w.org\/{rel}","templated":true}]}}