{"id":326,"date":"2024-10-01T18:38:42","date_gmt":"2024-10-01T16:38:42","guid":{"rendered":"https:\/\/mystery-coloring.com\/?post_type=product&#038;p=326"},"modified":"2024-10-07T15:53:55","modified_gmt":"2024-10-07T13:53:55","slug":"karin-decobrush-master-set-84-pieces-comprend-les-collections-basique-passion-violet-bleu-nature-nude-gris-pastel-ref-kar29c10","status":"publish","type":"product","link":"https:\/\/mystery-coloring.com\/en\/boutique\/materiel\/feutres\/karin\/karin-decobrush-master-set-84-pieces-comprend-les-collections-basique-passion-violet-bleu-nature-nude-gris-pastel-ref-kar29c10\/","title":{"rendered":"Karin DecoBrush Master Set &#8211; 84 Pi\u00e8ces (Comprend les collections Basique, Passion, Violet-Bleu, Nature, Nude, Gris, Pastel) R\u00e9f. KAR29C10"},"content":{"rendered":"<p><strong>Karin DecoBrush Pigment Master Set &#8211; 84 Pi\u00e8ces<\/strong><\/p>\n<p>Les Pigment DecoBrush de Karin sont des peintures acryliques opaques contenues dans des marqueurs \u00e0 pointe flexible de type pinceau. Pr\u00eats \u00e0 l&#8217;emploi apr\u00e8s un simple secouage, ces marqueurs permettent de combiner, \u00e9claircir et m\u00e9langer les couleurs. Les transitions se r\u00e9alisent en touchant les pointes entre elles ou directement sur la surface peinte. Ces peintures peuvent \u00eatre appliqu\u00e9es sur diverses surfaces (verre, papier, plastique, bois, pierre, toile) et offrent une grande couverture. Une fois s\u00e8ches, elles deviennent r\u00e9sistantes \u00e0 la lumi\u00e8re et permanentes.<\/p>\n<p>Chaque marqueur contient 2,4 ml de peinture non toxique \u00e0 base de pigments organiques, utilisant la technologie \u00ab free-ink \u00bb pour une utilisation compl\u00e8te de la peinture. Ce set inclut 84 couleurs r\u00e9parties en 7 collections : Basique, Passion, Violet-Bleu, Nature, Nude, Gris, et Pastel.<\/p>\n<h3>Caract\u00e9ristiques :<\/h3>\n<ul>\n<li>Marque : <strong>Karin<\/strong><\/li>\n<li>Mod\u00e8le : <strong>29C10<\/strong><\/li>\n<li>Dimensions : <strong>30 x 17 x 28 cm<\/strong><\/li>\n<li>Poids : <strong>4,65 kg<\/strong><\/li>\n<li>Pointe : <strong>Moyenne (0.5mm &#8211; 2mm et plus)<\/strong><\/li>\n<li>Contenance : <strong>84 marqueurs multicolores<\/strong><\/li>\n<\/ul>","protected":false},"excerpt":{"rendered":"<p><strong>Karin DecoBrush Pigment Set &#8211; 84 Pi\u00e8ces<\/strong><\/p>\n<p>Marqueurs acryliques opaques \u00e0 pointe flexible, id\u00e9als pour diverses surfaces (verre, papier, bois, etc.). Couleurs r\u00e9sistantes, permanentes et non toxiques. Contient 84 couleurs r\u00e9parties en 7 collections.<\/p>","protected":false},"featured_media":327,"comment_status":"open","ping_status":"closed","template":"","meta":{"_et_pb_use_builder":"","_et_pb_old_content":"","_et_gb_content_width":"","_monsterinsights_skip_tracking":false,"_monsterinsights_sitenote_active":false,"_monsterinsights_sitenote_note":"","_monsterinsights_sitenote_category":0},"product_brand":[],"product_cat":[43,27,25],"product_tag":[],"class_list":{"0":"post-326","1":"product","2":"type-product","3":"status-publish","4":"has-post-thumbnail","6":"product_cat-karin","7":"product_cat-materiel","8":"product_cat-feutres","10":"first","11":"instock","12":"shipping-taxable","13":"product-type-external"},"_links":{"self":[{"href":"https:\/\/mystery-coloring.com\/en\/wp-json\/wp\/v2\/product\/326","targetHints":{"allow":["GET"]}}],"collection":[{"href":"https:\/\/mystery-coloring.com\/en\/wp-json\/wp\/v2\/product"}],"about":[{"href":"https:\/\/mystery-coloring.com\/en\/wp-json\/wp\/v2\/types\/product"}],"replies":[{"embeddable":true,"href":"https:\/\/mystery-coloring.com\/en\/wp-json\/wp\/v2\/comments?post=326"}],"wp:featuredmedia":[{"embeddable":true,"href":"https:\/\/mystery-coloring.com\/en\/wp-json\/wp\/v2\/media\/327"}],"wp:attachment":[{"href":"https:\/\/mystery-coloring.com\/en\/wp-json\/wp\/v2\/media?parent=326"}],"wp:term":[{"taxonomy":"product_brand","embeddable":true,"href":"https:\/\/mystery-coloring.com\/en\/wp-json\/wp\/v2\/product_brand?post=326"},{"taxonomy":"product_cat","embeddable":true,"href":"https:\/\/mystery-coloring.com\/en\/wp-json\/wp\/v2\/product_cat?post=326"},{"taxonomy":"product_tag","embeddable":true,"href":"https:\/\/mystery-coloring.com\/en\/wp-json\/wp\/v2\/product_tag?post=326"}],"curies":[{"name":"wp","href":"https:\/\/api.w.org\/{rel}","templated":true}]}}