{"id":338,"date":"2024-10-07T15:01:02","date_gmt":"2024-10-07T13:01:02","guid":{"rendered":"https:\/\/mystery-coloring.com\/?post_type=product&#038;p=338"},"modified":"2024-10-07T15:53:37","modified_gmt":"2024-10-07T13:53:37","slug":"coloriages-mysteres-disney-les-grands-classiques-tome-1-oct-2015","status":"publish","type":"product","link":"https:\/\/mystery-coloring.com\/en\/boutique\/livres\/coloriages-mysteres-disney\/coloriages-mysteres-disney-les-grands-classiques-tome-1-oct-2015\/","title":{"rendered":"Coloriages myst\u00e8res Disney &#8211; Les Grands classiques Tome 1 (Oct 2015)"},"content":{"rendered":"<div id=\"detailBullets_feature_div\">\n<p>Quel est votre Disney pr\u00e9f\u00e9r\u00e9 ? La Petite Sir\u00e8ne et son monde sous-marin enchant\u00e9, ou bien Le Monde de Nemo et ses aventures dans les profondeurs de l\u2019oc\u00e9an ? Peut-\u00eatre pr\u00e9f\u00e9rez-vous l\u2019histoire de Pinocchio, cette marionnette au grand c\u0153ur, ou bien celle des jouets qui prennent vie dans Toy Story ? Et que dire de Rebelle, avec ses paysages \u00e9cossais \u00e0 couper le souffle, ou de Fr\u00e8re des Ours, avec son exploration du lien sacr\u00e9 entre humains et animaux ?<\/p>\n<p>Quel que soit votre choix, plongez dans l&rsquo;univers fascinant des chefs-d\u2019\u0153uvre Disney et revivez leurs sc\u00e8nes les plus embl\u00e9matiques comme jamais auparavant ! Gr\u00e2ce \u00e0 un syst\u00e8me ing\u00e9nieux de codes couleurs, vous serez guid\u00e9 \u00e0 travers des entrelacs de lignes myst\u00e9rieuses. Votre mission : appliquer chaque nuance dans la zone qui lui est d\u00e9di\u00e9e pour r\u00e9v\u00e9ler progressivement une image cach\u00e9e. Les personnages que vous aimez tant prendront vie sous vos doigts, r\u00e9apparaissant dans toute leur splendeur.<\/p>\n<p>Ce processus, \u00e0 la fois relaxant et cr\u00e9atif, vous permettra de vous \u00e9vader du quotidien. C&rsquo;est l&rsquo;occasion parfaite de retrouver cette joie enfantine qui vous habitait lorsque vous regardiez pour la premi\u00e8re fois ces films magiques. \u00c0 chaque coup de pinceau num\u00e9rique, c\u2019est un peu de cette magie qui rena\u00eet. Ce moment privil\u00e9gi\u00e9 vous invite \u00e0 renouer avec le plaisir de cr\u00e9er, sans pression, simplement pour le plaisir et la satisfaction de voir appara\u00eetre sous vos yeux une sc\u00e8ne Disney que vous adorez.<\/p>\n<ul class=\"a-unordered-list a-nostyle a-vertical a-spacing-none detail-bullet-list\">\n<li><span class=\"a-list-item\"><span class=\"a-text-bold\">\u00c9diteur \u200f : \u200e <\/span> Hachette Heroes; Illustrated \u00e9dition (7 octobre 2015) <\/span><\/li>\n<li><span class=\"a-list-item\"> <span class=\"a-text-bold\">Langue \u200f : \u200e <\/span> Fran\u00e7ais <\/span><\/li>\n<li><span class=\"a-list-item\"> <span class=\"a-text-bold\">Broch\u00e9 \u200f : \u200e <\/span> 128 pages <\/span><\/li>\n<li><span class=\"a-list-item\"> <span class=\"a-text-bold\">ISBN-10 \u200f : \u200e <\/span> 2013236662 <\/span><\/li>\n<li><span class=\"a-list-item\"> <span class=\"a-text-bold\">ISBN-13 \u200f : \u200e <\/span> 978-2013236669 <\/span><\/li>\n<li><span class=\"a-list-item\"> <span class=\"a-text-bold\">Poids de l&rsquo;article \u200f : \u200e <\/span> 644 g <\/span><\/li>\n<li><span class=\"a-list-item\"> <span class=\"a-text-bold\">Dimensions \u200f : \u200e <\/span> 21.8 x 1.3 x 30 cm <\/span><\/li>\n<\/ul>\n<\/div>","protected":false},"excerpt":{"rendered":"<p>Pr\u00e9f\u00e9rez-vous La Petite Sir\u00e8ne ou Le Monde de Nemo ? Pinocchio ou Toy Story ? Rebelle ou Fr\u00e8re des Ours ? Plongez dans les sc\u00e8nes inoubliables des plus grands classiques Disney ! Laissez-vous guider par les codes couleurs pour d\u00e9m\u00ealer les lignes complexes, remplissez chaque zone avec la bonne teinte, et faites appara\u00eetre la sc\u00e8ne cach\u00e9e. Profitez d&rsquo;un moment de d\u00e9tente, retrouvez la magie de votre enfance, et red\u00e9couvrez le plaisir de cr\u00e9er.<\/p>","protected":false},"featured_media":339,"comment_status":"open","ping_status":"closed","template":"","meta":{"_et_pb_use_builder":"","_et_pb_old_content":"","_et_gb_content_width":"","_monsterinsights_skip_tracking":false,"_monsterinsights_sitenote_active":false,"_monsterinsights_sitenote_note":"","_monsterinsights_sitenote_category":0},"product_brand":[],"product_cat":[30,26],"product_tag":[],"class_list":{"0":"post-338","1":"product","2":"type-product","3":"status-publish","4":"has-post-thumbnail","6":"product_cat-coloriages-mysteres-disney","7":"product_cat-livres","9":"first","10":"instock","11":"shipping-taxable","12":"product-type-external"},"_links":{"self":[{"href":"https:\/\/mystery-coloring.com\/en\/wp-json\/wp\/v2\/product\/338","targetHints":{"allow":["GET"]}}],"collection":[{"href":"https:\/\/mystery-coloring.com\/en\/wp-json\/wp\/v2\/product"}],"about":[{"href":"https:\/\/mystery-coloring.com\/en\/wp-json\/wp\/v2\/types\/product"}],"replies":[{"embeddable":true,"href":"https:\/\/mystery-coloring.com\/en\/wp-json\/wp\/v2\/comments?post=338"}],"wp:featuredmedia":[{"embeddable":true,"href":"https:\/\/mystery-coloring.com\/en\/wp-json\/wp\/v2\/media\/339"}],"wp:attachment":[{"href":"https:\/\/mystery-coloring.com\/en\/wp-json\/wp\/v2\/media?parent=338"}],"wp:term":[{"taxonomy":"product_brand","embeddable":true,"href":"https:\/\/mystery-coloring.com\/en\/wp-json\/wp\/v2\/product_brand?post=338"},{"taxonomy":"product_cat","embeddable":true,"href":"https:\/\/mystery-coloring.com\/en\/wp-json\/wp\/v2\/product_cat?post=338"},{"taxonomy":"product_tag","embeddable":true,"href":"https:\/\/mystery-coloring.com\/en\/wp-json\/wp\/v2\/product_tag?post=338"}],"curies":[{"name":"wp","href":"https:\/\/api.w.org\/{rel}","templated":true}]}}