{"id":417,"date":"2024-10-09T19:26:23","date_gmt":"2024-10-09T17:26:23","guid":{"rendered":"https:\/\/mystery-coloring.com\/?post_type=product&#038;p=417"},"modified":"2024-10-09T21:01:01","modified_gmt":"2024-10-09T19:01:01","slug":"coloriage-de-lavent-disney","status":"publish","type":"product","link":"https:\/\/mystery-coloring.com\/en\/boutique\/livres\/coloriages-mysteres-disney\/coloriage-de-lavent-disney\/","title":{"rendered":"Coloriage de l&rsquo;Avent Disney : 24 illustrations in\u00e9dites + 1 poster"},"content":{"rendered":"<p>Plonge dans un univers color\u00e9 avec <strong>Le Calendrier de l&rsquo;Avent comme tu ne l&rsquo;as jamais vu !<\/strong> Chaque jour, d\u00e9couvre 24 grandes illustrations in\u00e9dites, sp\u00e9cialement cr\u00e9\u00e9es pour cet ouvrage. Du 1er d\u00e9cembre au 24, d\u00e9plie une double page et colorie des sc\u00e8nes embl\u00e9matiques de contes et films c\u00e9l\u00e8bres tels que <em>La Petite Sir\u00e8ne<\/em>, <em>Alice au pays des merveilles<\/em>, <em>Coco<\/em>, <em>La Belle et la B\u00eate<\/em>, et <em>Rebelle<\/em>.<\/p>\n<p>Pour r\u00e9compenser ta patience jusqu&rsquo;\u00e0 No\u00ebl, un magnifique poster \u00e0 colorier t&rsquo;attend pour le 24 d\u00e9cembre ! Ouvre ton calendrier chaque jour, explore de nouvelles illustrations, et laisse libre cours \u00e0 ta cr\u00e9ativit\u00e9. Une surprise t\u2019attend \u00e0 chaque page !<\/p>","protected":false},"excerpt":{"rendered":"<p>D\u00e9couvre <strong>Le Calendrier de l&rsquo;Avent comme tu ne l&rsquo;as jamais vu !<\/strong> Chaque jour, d\u00e9plie une double page pour colorier 24 grandes illustrations in\u00e9dites de tes contes et films pr\u00e9f\u00e9r\u00e9s, comme <em>La Petite Sir\u00e8ne<\/em> et <em>Alice au pays des merveilles<\/em>. Pour le 24 d\u00e9cembre, un poster \u00e0 colorier t&rsquo;attend comme r\u00e9compense. Une surprise chaque jour pour \u00e9gayer ton mois de d\u00e9cembre !<\/p>","protected":false},"featured_media":418,"comment_status":"open","ping_status":"closed","template":"","meta":{"_et_pb_use_builder":"","_et_pb_old_content":"","_et_gb_content_width":"","_monsterinsights_skip_tracking":false,"_monsterinsights_sitenote_active":false,"_monsterinsights_sitenote_note":"","_monsterinsights_sitenote_category":0},"product_brand":[],"product_cat":[30,26],"product_tag":[],"class_list":{"0":"post-417","1":"product","2":"type-product","3":"status-publish","4":"has-post-thumbnail","6":"product_cat-coloriages-mysteres-disney","7":"product_cat-livres","9":"first","10":"instock","11":"shipping-taxable","12":"product-type-external"},"_links":{"self":[{"href":"https:\/\/mystery-coloring.com\/en\/wp-json\/wp\/v2\/product\/417","targetHints":{"allow":["GET"]}}],"collection":[{"href":"https:\/\/mystery-coloring.com\/en\/wp-json\/wp\/v2\/product"}],"about":[{"href":"https:\/\/mystery-coloring.com\/en\/wp-json\/wp\/v2\/types\/product"}],"replies":[{"embeddable":true,"href":"https:\/\/mystery-coloring.com\/en\/wp-json\/wp\/v2\/comments?post=417"}],"wp:featuredmedia":[{"embeddable":true,"href":"https:\/\/mystery-coloring.com\/en\/wp-json\/wp\/v2\/media\/418"}],"wp:attachment":[{"href":"https:\/\/mystery-coloring.com\/en\/wp-json\/wp\/v2\/media?parent=417"}],"wp:term":[{"taxonomy":"product_brand","embeddable":true,"href":"https:\/\/mystery-coloring.com\/en\/wp-json\/wp\/v2\/product_brand?post=417"},{"taxonomy":"product_cat","embeddable":true,"href":"https:\/\/mystery-coloring.com\/en\/wp-json\/wp\/v2\/product_cat?post=417"},{"taxonomy":"product_tag","embeddable":true,"href":"https:\/\/mystery-coloring.com\/en\/wp-json\/wp\/v2\/product_tag?post=417"}],"curies":[{"name":"wp","href":"https:\/\/api.w.org\/{rel}","templated":true}]}}