{"id":448,"date":"2024-10-14T22:09:15","date_gmt":"2024-10-14T20:09:15","guid":{"rendered":"https:\/\/mystery-coloring.com\/?post_type=product&#038;p=448"},"modified":"2024-10-14T22:09:16","modified_gmt":"2024-10-14T20:09:16","slug":"crayola-skin-colours-of-the-world","status":"publish","type":"product","link":"https:\/\/mystery-coloring.com\/en\/boutique\/materiel\/feutres\/crayola-skin-colours-of-the-world\/","title":{"rendered":"CRAYOLA Skin Colours of The World &#8211; Kit de 24 Feutres de Couleurs"},"content":{"rendered":"<p>D\u00e9couvrez le <strong>kit de 24 feutres Crayola Skin Colours of The World<\/strong> de Crayola, un assortiment unique de couleurs inspir\u00e9es des diff\u00e9rentes carnations humaines \u00e0 travers le monde. Parfait pour permettre aux enfants et aux adultes de cr\u00e9er des dessins plus inclusifs et r\u00e9alistes en repr\u00e9sentant la diversit\u00e9 de mani\u00e8re cr\u00e9ative et naturelle.<\/p>\n<p><strong>Caract\u00e9ristiques :<\/strong><\/p>\n<ul>\n<li><strong>24 couleurs<\/strong> repr\u00e9sentant la diversit\u00e9 des tons de peau \u00e0 travers le monde.<\/li>\n<li><strong>Pointe conique<\/strong> : id\u00e9ale pour des trac\u00e9s fins ou \u00e9pais.<\/li>\n<li><strong>Lavables<\/strong> : se nettoient facilement des mains et des v\u00eatements.<\/li>\n<li><strong>\u00c2ge recommand\u00e9<\/strong> : \u00e0 partir de 3 ans.<\/li>\n<\/ul>\n<p>Un outil indispensable pour des cr\u00e9ations plus inclusives et authentiques, tout en explorant la beaut\u00e9 de la diversit\u00e9 humaine.<\/p>","protected":false},"excerpt":{"rendered":"<div class=\"flex max-w-full flex-col flex-grow\">\n<div class=\"min-h-8 text-message flex w-full flex-col items-end gap-2 whitespace-normal break-words [.text-message+&amp;]:mt-5\" dir=\"auto\" data-message-author-role=\"assistant\" data-message-id=\"55126f19-5b33-4b16-8726-2d37830d1fd1\" data-message-model-slug=\"gpt-4o\">\n<div class=\"flex w-full flex-col gap-1 empty:hidden first:pt-[3px]\">\n<div class=\"markdown prose w-full break-words dark:prose-invert dark\">\n<p>Le kit <strong>Crayola Colours of The World<\/strong> contient <strong>24 feutres<\/strong> aux couleurs vari\u00e9es, repr\u00e9sentant les teintes de peau du monde entier. Id\u00e9al pour des dessins inclusifs, il est con\u00e7u pour stimuler la cr\u00e9ativit\u00e9 et enseigner la diversit\u00e9. Lavables et adapt\u00e9s aux enfants d\u00e8s <strong>3 ans.<\/strong><\/p>\n<\/div>\n<\/div>\n<\/div>\n<\/div>","protected":false},"featured_media":449,"comment_status":"open","ping_status":"closed","template":"","meta":{"_et_pb_use_builder":"","_et_pb_old_content":"","_et_gb_content_width":"","_monsterinsights_skip_tracking":false,"_monsterinsights_sitenote_active":false,"_monsterinsights_sitenote_note":"","_monsterinsights_sitenote_category":0},"product_brand":[],"product_cat":[25,42],"product_tag":[],"class_list":{"0":"post-448","1":"product","2":"type-product","3":"status-publish","4":"has-post-thumbnail","6":"product_cat-feutres","7":"product_cat-premiers-prix","9":"first","10":"instock","11":"shipping-taxable","12":"product-type-external"},"_links":{"self":[{"href":"https:\/\/mystery-coloring.com\/en\/wp-json\/wp\/v2\/product\/448","targetHints":{"allow":["GET"]}}],"collection":[{"href":"https:\/\/mystery-coloring.com\/en\/wp-json\/wp\/v2\/product"}],"about":[{"href":"https:\/\/mystery-coloring.com\/en\/wp-json\/wp\/v2\/types\/product"}],"replies":[{"embeddable":true,"href":"https:\/\/mystery-coloring.com\/en\/wp-json\/wp\/v2\/comments?post=448"}],"wp:featuredmedia":[{"embeddable":true,"href":"https:\/\/mystery-coloring.com\/en\/wp-json\/wp\/v2\/media\/449"}],"wp:attachment":[{"href":"https:\/\/mystery-coloring.com\/en\/wp-json\/wp\/v2\/media?parent=448"}],"wp:term":[{"taxonomy":"product_brand","embeddable":true,"href":"https:\/\/mystery-coloring.com\/en\/wp-json\/wp\/v2\/product_brand?post=448"},{"taxonomy":"product_cat","embeddable":true,"href":"https:\/\/mystery-coloring.com\/en\/wp-json\/wp\/v2\/product_cat?post=448"},{"taxonomy":"product_tag","embeddable":true,"href":"https:\/\/mystery-coloring.com\/en\/wp-json\/wp\/v2\/product_tag?post=448"}],"curies":[{"name":"wp","href":"https:\/\/api.w.org\/{rel}","templated":true}]}}