{"id":453,"date":"2024-10-14T23:11:41","date_gmt":"2024-10-14T21:11:41","guid":{"rendered":"https:\/\/mystery-coloring.com\/?post_type=product&#038;p=453"},"modified":"2024-10-14T23:11:41","modified_gmt":"2024-10-14T21:11:41","slug":"posca-blanc","status":"publish","type":"product","link":"https:\/\/mystery-coloring.com\/en\/boutique\/materiel\/crayons-de-couleur\/posca-blanc\/","title":{"rendered":"POSCA Crayon de Couleur &#8211; POSCA Blanc PENCIL KPE200 BL Blanc"},"content":{"rendered":"<p>Le <strong>POSCA PENCIL KPE200 BL Blanc<\/strong> est un crayon de couleur multisupport con\u00e7u \u00e0 partir de <strong>pigments naturels<\/strong>, d&rsquo;<strong>huile<\/strong> et de <strong>cire<\/strong>, offrant une grande polyvalence pour les techniques artistiques. Sa <strong>mine ultra-r\u00e9sistante<\/strong> procure une sensation similaire \u00e0 celle du crayon de plomb, tout en \u00e9tant <strong>diluable \u00e0 l&rsquo;eau et aux solvants<\/strong>. Ce crayon est parfaitement adapt\u00e9 pour des usages mixtes et convient aux techniques \u00e0 base d&rsquo;acrylique, d&rsquo;aquarelle, d&rsquo;encres color\u00e9es, ainsi qu&rsquo;aux pastels et marqueurs POSCA.<\/p>\n<p><strong>Caract\u00e9ristiques :<\/strong><\/p>\n<ul>\n<li><strong>Multisupport<\/strong> : Compatible avec une vari\u00e9t\u00e9 de surfaces et techniques.<\/li>\n<li><strong>Pigments naturels<\/strong> : Excellente intensit\u00e9 et couvrance.<\/li>\n<li><strong>Mine r\u00e9sistante<\/strong> : Pour un usage durable et des traits nets.<\/li>\n<li><strong>Diluable<\/strong> : S&rsquo;utilise avec de l&rsquo;eau ou des solvants pour des effets vari\u00e9s.<\/li>\n<li><strong>Usages multiples<\/strong> : Adapt\u00e9 aux techniques graphiques, beaux-arts et d\u00e9coratives.<\/li>\n<\/ul>\n<p>Le POSCA PENCIL est l&rsquo;outil cr\u00e9atif id\u00e9al pour les artistes cherchant \u00e0 enrichir leurs \u0153uvres avec des techniques mixtes.<\/p>","protected":false},"excerpt":{"rendered":"<p>Le <strong>crayon de couleur POSCA PENCIL KPE200 BL<\/strong> en <strong>blanc<\/strong> est id\u00e9al pour des dessins et esquisses pr\u00e9cis. Gr\u00e2ce \u00e0 sa <strong>mine douce et pigment\u00e9e<\/strong>, il permet des traits nets et une excellente couvrance. Utilisable sur une vari\u00e9t\u00e9 de surfaces, ce crayon est parfait pour les artistes professionnels et les amateurs.<\/p>\n<ul>\n<li><strong>Couleur :<\/strong> Blanc<\/li>\n<li><strong>Mod\u00e8le :<\/strong> KPE200 BL<\/li>\n<li><strong>Utilisation :<\/strong> Esquisse, dessin, mise en lumi\u00e8re et m\u00e9langes<\/li>\n<\/ul>","protected":false},"featured_media":454,"comment_status":"open","ping_status":"closed","template":"","meta":{"_et_pb_use_builder":"","_et_pb_old_content":"","_et_gb_content_width":"","_monsterinsights_skip_tracking":false,"_monsterinsights_sitenote_active":false,"_monsterinsights_sitenote_note":"","_monsterinsights_sitenote_category":0},"product_brand":[],"product_cat":[28],"product_tag":[],"class_list":{"0":"post-453","1":"product","2":"type-product","3":"status-publish","4":"has-post-thumbnail","6":"product_cat-crayons-de-couleur","8":"first","9":"instock","10":"shipping-taxable","11":"product-type-external"},"_links":{"self":[{"href":"https:\/\/mystery-coloring.com\/en\/wp-json\/wp\/v2\/product\/453","targetHints":{"allow":["GET"]}}],"collection":[{"href":"https:\/\/mystery-coloring.com\/en\/wp-json\/wp\/v2\/product"}],"about":[{"href":"https:\/\/mystery-coloring.com\/en\/wp-json\/wp\/v2\/types\/product"}],"replies":[{"embeddable":true,"href":"https:\/\/mystery-coloring.com\/en\/wp-json\/wp\/v2\/comments?post=453"}],"wp:featuredmedia":[{"embeddable":true,"href":"https:\/\/mystery-coloring.com\/en\/wp-json\/wp\/v2\/media\/454"}],"wp:attachment":[{"href":"https:\/\/mystery-coloring.com\/en\/wp-json\/wp\/v2\/media?parent=453"}],"wp:term":[{"taxonomy":"product_brand","embeddable":true,"href":"https:\/\/mystery-coloring.com\/en\/wp-json\/wp\/v2\/product_brand?post=453"},{"taxonomy":"product_cat","embeddable":true,"href":"https:\/\/mystery-coloring.com\/en\/wp-json\/wp\/v2\/product_cat?post=453"},{"taxonomy":"product_tag","embeddable":true,"href":"https:\/\/mystery-coloring.com\/en\/wp-json\/wp\/v2\/product_tag?post=453"}],"curies":[{"name":"wp","href":"https:\/\/api.w.org\/{rel}","templated":true}]}}