{"id":520,"date":"2024-10-17T16:13:07","date_gmt":"2024-10-17T14:13:07","guid":{"rendered":"https:\/\/mystery-coloring.com\/?post_type=product&#038;p=520"},"modified":"2024-10-17T17:09:10","modified_gmt":"2024-10-17T15:09:10","slug":"520-brutfuner-crayons-de-couleur","status":"publish","type":"product","link":"https:\/\/mystery-coloring.com\/en\/boutique\/materiel\/crayons-de-couleur\/520-brutfuner-crayons-de-couleur\/","title":{"rendered":"Lot de 520 Brutfuner Crayons de Couleur (Base d&rsquo;Huile)"},"content":{"rendered":"<p>Le lot de <strong>520 crayons de couleur<\/strong> offre une palette incroyable de <strong>520 couleurs diff\u00e9rentes<\/strong>, chacune identifi\u00e9e par un <strong>num\u00e9ro de couleur unique<\/strong>. Ces crayons sont parfaits pour enrichir vos cr\u00e9ations, que vous soyez un artiste professionnel, un amateur de dessin, un adulte ou un enfant.<\/p>\n<h4><strong>Caract\u00e9ristiques :<\/strong><\/h4>\n<ul>\n<li><strong>Mine de 3,80 mm :<\/strong> Chaque crayon est pr\u00e9-aff\u00fbt\u00e9 avec une mine de <strong>3,80 mm<\/strong>, durable et r\u00e9sistante au temps. La couleur est intense, ne s&rsquo;estompe que tr\u00e8s peu, et se m\u00e9lange facilement. Les mines permettent des effets superpos\u00e9s, id\u00e9als pour cr\u00e9er de magnifiques nuances et des d\u00e9grad\u00e9s riches.<\/li>\n<li><strong>Num\u00e9ro et nom :<\/strong> Chaque crayon poss\u00e8de son propre <strong>num\u00e9ro<\/strong> et <strong>nom de couleur<\/strong>, facilement identifiables, m\u00eame apr\u00e8s plusieurs aff\u00fbtages, pour vous permettre de trouver la couleur parfaite sans effort.<\/li>\n<li><strong>Qualit\u00e9 sup\u00e9rieure :<\/strong> Fabriqu\u00e9s en <strong>bois de tilleul<\/strong> de haute qualit\u00e9, ces crayons sont <strong>sans odeur<\/strong> et respectueux de l&rsquo;environnement. Ils r\u00e9pondent aux normes de s\u00e9curit\u00e9 <strong>EN71<\/strong>, vous garantissant une utilisation sans danger. Tr\u00e8s faciles \u00e0 aff\u00fbter, ils ne se cassent ni ne se fissurent facilement.<\/li>\n<\/ul>\n<h4><strong>Avantages :<\/strong><\/h4>\n<ul>\n<li><strong>Polyvalents :<\/strong> Parfaits pour les artistes de tous niveaux, les enfants et les adultes.<\/li>\n<li><strong>Durables :<\/strong> Les crayons conservent leurs couleurs vives et durent longtemps.<\/li>\n<li><strong>Effets cr\u00e9atifs :<\/strong> Se m\u00e9langent et se superposent facilement pour des effets uniques.<\/li>\n<\/ul>\n<h4><strong>Id\u00e9es de cadeau :<\/strong><\/h4>\n<p>Ce lot de crayons de couleur est un cadeau id\u00e9al pour <strong>No\u00ebl<\/strong>, la <strong>Saint-Valentin<\/strong>, les <strong>anniversaires<\/strong>, ou toute autre occasion sp\u00e9ciale. Un choix parfait pour offrir \u00e0 ceux qui aiment exprimer leur cr\u00e9ativit\u00e9.<\/p>","protected":false},"excerpt":{"rendered":"<p>D\u00e9couvrez un ensemble de <strong>520 couleurs uniques<\/strong>, parfait pour les artistes, amateurs et enfants. Chaque crayon poss\u00e8de un <strong>num\u00e9ro de couleur<\/strong> distinct et une <strong>mine de 3,80 mm<\/strong> durable, id\u00e9ale pour des m\u00e9langes et des superpositions. Fabriqu\u00e9s en bois de <strong>tilleul de haute qualit\u00e9<\/strong>, ces crayons sont respectueux de l&rsquo;environnement et conformes aux normes <strong>EN71<\/strong>. Id\u00e9al pour des cadeaux cr\u00e9atifs !<\/p>","protected":false},"featured_media":521,"comment_status":"open","ping_status":"closed","template":"","meta":{"_et_pb_use_builder":"","_et_pb_old_content":"","_et_gb_content_width":"","_monsterinsights_skip_tracking":false,"_monsterinsights_sitenote_active":false,"_monsterinsights_sitenote_note":"","_monsterinsights_sitenote_category":0},"product_brand":[],"product_cat":[28],"product_tag":[],"class_list":{"0":"post-520","1":"product","2":"type-product","3":"status-publish","4":"has-post-thumbnail","6":"product_cat-crayons-de-couleur","8":"first","9":"instock","10":"shipping-taxable","11":"product-type-external"},"_links":{"self":[{"href":"https:\/\/mystery-coloring.com\/en\/wp-json\/wp\/v2\/product\/520","targetHints":{"allow":["GET"]}}],"collection":[{"href":"https:\/\/mystery-coloring.com\/en\/wp-json\/wp\/v2\/product"}],"about":[{"href":"https:\/\/mystery-coloring.com\/en\/wp-json\/wp\/v2\/types\/product"}],"replies":[{"embeddable":true,"href":"https:\/\/mystery-coloring.com\/en\/wp-json\/wp\/v2\/comments?post=520"}],"wp:featuredmedia":[{"embeddable":true,"href":"https:\/\/mystery-coloring.com\/en\/wp-json\/wp\/v2\/media\/521"}],"wp:attachment":[{"href":"https:\/\/mystery-coloring.com\/en\/wp-json\/wp\/v2\/media?parent=520"}],"wp:term":[{"taxonomy":"product_brand","embeddable":true,"href":"https:\/\/mystery-coloring.com\/en\/wp-json\/wp\/v2\/product_brand?post=520"},{"taxonomy":"product_cat","embeddable":true,"href":"https:\/\/mystery-coloring.com\/en\/wp-json\/wp\/v2\/product_cat?post=520"},{"taxonomy":"product_tag","embeddable":true,"href":"https:\/\/mystery-coloring.com\/en\/wp-json\/wp\/v2\/product_tag?post=520"}],"curies":[{"name":"wp","href":"https:\/\/api.w.org\/{rel}","templated":true}]}}