{"id":678,"date":"2024-10-29T11:13:06","date_gmt":"2024-10-29T10:13:06","guid":{"rendered":"https:\/\/mystery-coloring.com\/?post_type=product&#038;p=678"},"modified":"2024-10-29T11:13:07","modified_gmt":"2024-10-29T10:13:07","slug":"roi-lion-messages-mysteres","status":"publish","type":"product","link":"https:\/\/mystery-coloring.com\/en\/boutique\/livres\/coloriages-mysteres-disney\/roi-lion-messages-mysteres\/","title":{"rendered":"Disney &#8211; Le Roi Lion &#8211; Messages Myst\u00e8res Disney : Hakuna Matata Format : Broch\u00e9 \u2013 Illustr\u00e9"},"content":{"rendered":"<p>Applique les couleurs dans les zones indiqu\u00e9es et r\u00e9v\u00e8le les messages cach\u00e9s !<\/p>\n<p>\u00ab Hakuna Matata \u00bb, \u00ab Ce r\u00eave bleu \u00bb, \u00ab Vers l&rsquo;infini et au-del\u00e0 \u00bb, \u00ab Miroir, mon beau miroir \u00bb&#8230; 50 messages myst\u00e8res \u00e0 d\u00e9couvrir gr\u00e2ce aux codes couleurs pour r\u00e9v\u00e9ler des illustrations originales et red\u00e9couvrir les r\u00e9pliques cultes des grands classiques de l&rsquo;animation Disney et Pixar :\u00a0<span class=\"a-text-italic\">Blanche-Neige et les Sept Nains<\/span>,<span class=\"a-text-italic\">\u00a0Le Roi lion<\/span>,\u00a0<span class=\"a-text-italic\">Pocahontas, Toy Story, Vice-Versa, L\u00e0-Haut, Les 101 Dalmatiens, Mulan, Raiponce<\/span>&#8230;<\/p>\n<p><strong>D\u00e9tails sur le produit :<\/strong><\/p>\n<ul>\n<li><strong>Langue<\/strong> : Fran\u00e7ais<\/li>\n<li><strong>Format<\/strong> : Broch\u00e9, illustr\u00e9<\/li>\n<li><strong>Nombre de pages<\/strong> : 128<\/li>\n<li><strong>ISBN-10<\/strong> : 2011609291<\/li>\n<li><strong>ISBN-13<\/strong> : 978-2011609298<\/li>\n<li><strong>Poids<\/strong> : 674 g<\/li>\n<li><strong>Dimensions<\/strong> : 22,3 x 0,4 x 30,9 cm<\/li>\n<\/ul>","protected":false},"excerpt":{"rendered":"<p>D\u00e9couvrez les messages cach\u00e9s du Roi Lion \u00e0 travers un livre de coloriage unique ! Utilisez les codes couleurs pour r\u00e9v\u00e9ler des citations cultes comme \u00ab Hakuna Matata \u00bb et plongez dans la magie de Disney.<\/p>","protected":false},"featured_media":679,"comment_status":"open","ping_status":"closed","template":"","meta":{"_et_pb_use_builder":"","_et_pb_old_content":"","_et_gb_content_width":"","_monsterinsights_skip_tracking":false,"_monsterinsights_sitenote_active":false,"_monsterinsights_sitenote_note":"","_monsterinsights_sitenote_category":0},"product_brand":[],"product_cat":[30,26],"product_tag":[],"class_list":{"0":"post-678","1":"product","2":"type-product","3":"status-publish","4":"has-post-thumbnail","6":"product_cat-coloriages-mysteres-disney","7":"product_cat-livres","9":"first","10":"instock","11":"shipping-taxable","12":"product-type-external"},"_links":{"self":[{"href":"https:\/\/mystery-coloring.com\/en\/wp-json\/wp\/v2\/product\/678","targetHints":{"allow":["GET"]}}],"collection":[{"href":"https:\/\/mystery-coloring.com\/en\/wp-json\/wp\/v2\/product"}],"about":[{"href":"https:\/\/mystery-coloring.com\/en\/wp-json\/wp\/v2\/types\/product"}],"replies":[{"embeddable":true,"href":"https:\/\/mystery-coloring.com\/en\/wp-json\/wp\/v2\/comments?post=678"}],"wp:featuredmedia":[{"embeddable":true,"href":"https:\/\/mystery-coloring.com\/en\/wp-json\/wp\/v2\/media\/679"}],"wp:attachment":[{"href":"https:\/\/mystery-coloring.com\/en\/wp-json\/wp\/v2\/media?parent=678"}],"wp:term":[{"taxonomy":"product_brand","embeddable":true,"href":"https:\/\/mystery-coloring.com\/en\/wp-json\/wp\/v2\/product_brand?post=678"},{"taxonomy":"product_cat","embeddable":true,"href":"https:\/\/mystery-coloring.com\/en\/wp-json\/wp\/v2\/product_cat?post=678"},{"taxonomy":"product_tag","embeddable":true,"href":"https:\/\/mystery-coloring.com\/en\/wp-json\/wp\/v2\/product_tag?post=678"}],"curies":[{"name":"wp","href":"https:\/\/api.w.org\/{rel}","templated":true}]}}