{"id":699,"date":"2024-10-30T17:42:13","date_gmt":"2024-10-30T16:42:13","guid":{"rendered":"https:\/\/mystery-coloring.com\/?post_type=product&#038;p=699"},"modified":"2024-10-30T17:42:13","modified_gmt":"2024-10-30T16:42:13","slug":"silhouettes-magiques-disney","status":"publish","type":"product","link":"https:\/\/mystery-coloring.com\/en\/boutique\/livres\/livres-a-colorier-disney\/silhouettes-magiques-disney\/","title":{"rendered":"Silhouettes Magiques Disney &#8211; Grand Livre de Coloriages"},"content":{"rendered":"<p>Explorez la magie de Disney avec <em>Silhouettes Magiques Disney<\/em>, un grand livre de <strong>coloriages myst\u00e8res Disney<\/strong> o\u00f9 chaque page d\u00e9voile des personnages c\u00e9l\u00e8bres au travers de silhouettes fascinantes ! Publi\u00e9 le 21 mars 2018, ce livre de coloriages invite les fans de tous \u00e2ges \u00e0 d\u00e9couvrir Mickey, Minnie, Simba, Ariel et bien d\u2019autres, cach\u00e9s dans des compositions myst\u00e8res et r\u00e9v\u00e9l\u00e9s progressivement au fil des couleurs.<\/p>\n<p>Ce grand livre de coloriages myst\u00e8res est imprim\u00e9 sur du papier de haute qualit\u00e9, compatible avec des crayons de couleur, feutres et crayons aquarellables, pour un rendu \u00e9clatant et sans bavure. Parfait pour se d\u00e9tendre, <em>Silhouettes Magiques Disney<\/em> est une activit\u00e9 id\u00e9ale pour les enfants comme pour les adultes, permettant \u00e0 chacun de revivre l\u2019enchantement des classiques Disney tout en stimulant leur cr\u00e9ativit\u00e9. Ce livre fait un excellent cadeau pour les amateurs d&rsquo;art et les fans inconditionnels de Disney.<\/p>\n<p><strong>Caract\u00e9ristiques :<\/strong><\/p>\n<ul>\n<li>Grand livre broch\u00e9 de coloriages myst\u00e8res, format A4<\/li>\n<li>Environ 100 pages de silhouettes et sc\u00e8nes embl\u00e9matiques de Disney<\/li>\n<li>Illustrations vari\u00e9es mettant en vedette Mickey, Ariel, Simba, et plus encore<\/li>\n<li>Papier de qualit\u00e9, adapt\u00e9 aux feutres et crayons pour un coloriage impeccable<\/li>\n<li>Activit\u00e9 cr\u00e9ative et anti-stress pour les enfants et les adultes<\/li>\n<\/ul>\n<p><em>Silhouettes Magiques Disney<\/em> est bien plus qu&rsquo;un simple livre de coloriages : c&rsquo;est une immersion dans l\u2019univers enchant\u00e9 de Disney, \u00e0 savourer page apr\u00e8s page.<\/p>","protected":false},"excerpt":{"rendered":"<p><em>Silhouettes Magiques Disney<\/em> : grand livre de <strong>coloriages myst\u00e8res Disney<\/strong> pour d\u00e9couvrir vos personnages pr\u00e9f\u00e9r\u00e9s \u00e0 travers des silhouettes \u00e0 colorier. Magique et relaxant !<\/p>","protected":false},"featured_media":700,"comment_status":"open","ping_status":"closed","template":"","meta":{"_et_pb_use_builder":"","_et_pb_old_content":"","_et_gb_content_width":"","_monsterinsights_skip_tracking":false,"_monsterinsights_sitenote_active":false,"_monsterinsights_sitenote_note":"","_monsterinsights_sitenote_category":0},"product_brand":[],"product_cat":[29,26],"product_tag":[],"class_list":{"0":"post-699","1":"product","2":"type-product","3":"status-publish","4":"has-post-thumbnail","6":"product_cat-livres-a-colorier-disney","7":"product_cat-livres","9":"first","10":"instock","11":"shipping-taxable","12":"product-type-external"},"_links":{"self":[{"href":"https:\/\/mystery-coloring.com\/en\/wp-json\/wp\/v2\/product\/699","targetHints":{"allow":["GET"]}}],"collection":[{"href":"https:\/\/mystery-coloring.com\/en\/wp-json\/wp\/v2\/product"}],"about":[{"href":"https:\/\/mystery-coloring.com\/en\/wp-json\/wp\/v2\/types\/product"}],"replies":[{"embeddable":true,"href":"https:\/\/mystery-coloring.com\/en\/wp-json\/wp\/v2\/comments?post=699"}],"wp:featuredmedia":[{"embeddable":true,"href":"https:\/\/mystery-coloring.com\/en\/wp-json\/wp\/v2\/media\/700"}],"wp:attachment":[{"href":"https:\/\/mystery-coloring.com\/en\/wp-json\/wp\/v2\/media?parent=699"}],"wp:term":[{"taxonomy":"product_brand","embeddable":true,"href":"https:\/\/mystery-coloring.com\/en\/wp-json\/wp\/v2\/product_brand?post=699"},{"taxonomy":"product_cat","embeddable":true,"href":"https:\/\/mystery-coloring.com\/en\/wp-json\/wp\/v2\/product_cat?post=699"},{"taxonomy":"product_tag","embeddable":true,"href":"https:\/\/mystery-coloring.com\/en\/wp-json\/wp\/v2\/product_tag?post=699"}],"curies":[{"name":"wp","href":"https:\/\/api.w.org\/{rel}","templated":true}]}}