{"id":706,"date":"2024-10-31T13:13:59","date_gmt":"2024-10-31T12:13:59","guid":{"rendered":"https:\/\/mystery-coloring.com\/?post_type=product&#038;p=706"},"modified":"2024-10-31T13:20:30","modified_gmt":"2024-10-31T12:20:30","slug":"lampe-de-bureau-led-flexible-eclairage-gradable-et-memoire-integree","status":"publish","type":"product","link":"https:\/\/mystery-coloring.com\/en\/boutique\/materiel\/equipements\/lampe-de-bureau-led-flexible-eclairage-gradable-et-memoire-integree\/","title":{"rendered":"Lampe de Bureau LED Flexible &#8211; \u00c9clairage Gradable et M\u00e9moire Int\u00e9gr\u00e9e"},"content":{"rendered":"<p>Profitez d\u2019un \u00e9clairage optimal et ajustable avec cette <strong>lampe de bureau LED flexible<\/strong>, con\u00e7ue pour r\u00e9pondre \u00e0 tous vos besoins, qu\u2019il s\u2019agisse de lecture, de travail, de jeux ou de loisirs cr\u00e9atifs. Dot\u00e9e d\u2019une <strong>t\u00eate de lampe de 34 cm<\/strong>, elle diffuse une lumi\u00e8re uniforme et large, couvrant enti\u00e8rement votre espace de travail. Ajustez facilement la temp\u00e9rature de couleur entre 3000K et 5500K et la luminosit\u00e9 gr\u00e2ce au syst\u00e8me de <strong>gradation en continu<\/strong> qui offre un confort visuel in\u00e9gal\u00e9.<\/p>\n<p><strong>Caract\u00e9ristiques cl\u00e9s :<\/strong><\/p>\n<ul>\n<li><strong>Contr\u00f4le tactile \u00e0 deux touches<\/strong> : simplifiez votre utilisation gr\u00e2ce \u00e0 la commande tactile sensible et r\u00e9active, vous permettant de r\u00e9gler rapidement l\u2019intensit\u00e9 lumineuse et la temp\u00e9rature.<\/li>\n<li><strong>Col de cygne flexible \u00e0 360\u00b0<\/strong> : ajustez l\u2019angle de lumi\u00e8re avec pr\u00e9cision pour un confort personnalis\u00e9.<\/li>\n<li><strong>Fonction m\u00e9moire et mode lecture<\/strong> : retrouvez vos r\u00e9glages d&rsquo;\u00e9clairage pr\u00e9f\u00e9r\u00e9s gr\u00e2ce \u00e0 la fonction m\u00e9moire int\u00e9gr\u00e9e ; profitez d\u2019un acc\u00e8s direct au mode lecture (4000K et 100% de luminosit\u00e9) pour des moments de lecture confortables.<\/li>\n<li><strong>Clips m\u00e9talliques extra larges<\/strong> : con\u00e7us pour s\u2019adapter \u00e0 des surfaces allant jusqu&rsquo;\u00e0 5,3 cm, ces clips solides permettent une fixation stable et optimisent l&rsquo;espace sur le bureau.<\/li>\n<li><strong>Compatibilit\u00e9 avec interrupteurs muraux et prises intelligentes<\/strong> : allumez ou \u00e9teignez facilement la lumi\u00e8re via un interrupteur mural ou un appareil de maison intelligente.<\/li>\n<\/ul>\n<p>Con\u00e7ue pour l\u2019efficacit\u00e9 \u00e9nerg\u00e9tique, cette lampe consomme 80 % moins d\u2019\u00e9nergie que les ampoules traditionnelles et dispose d\u2019une <strong>fonction d&rsquo;extinction automatique<\/strong> de 10\/40 minutes pour ne jamais gaspiller d\u2019\u00e9lectricit\u00e9. Vous recevrez avec cette lampe de bureau : 1 pince lumineuse, 1 adaptateur secteur CE (c\u00e2ble de 1,8 m\u00e8tre), et un manuel d\u2019utilisation.<\/p>","protected":false},"excerpt":{"rendered":"<p><em>Lampe de bureau LED flexible<\/em> : gradation de la lumi\u00e8re et temp\u00e9rature de couleur ajustable. Col de cygne flexible, fonction m\u00e9moire, et compatibilit\u00e9 avec interrupteurs intelligents.<\/p>","protected":false},"featured_media":707,"comment_status":"open","ping_status":"closed","template":"","meta":{"_et_pb_use_builder":"","_et_pb_old_content":"","_et_gb_content_width":"","_monsterinsights_skip_tracking":false,"_monsterinsights_sitenote_active":false,"_monsterinsights_sitenote_note":"","_monsterinsights_sitenote_category":0},"product_brand":[],"product_cat":[60,47,27],"product_tag":[],"class_list":{"0":"post-706","1":"product","2":"type-product","3":"status-publish","4":"has-post-thumbnail","6":"product_cat-accessoires-de-dessin","7":"product_cat-equipements","8":"product_cat-materiel","10":"first","11":"instock","12":"shipping-taxable","13":"product-type-external"},"_links":{"self":[{"href":"https:\/\/mystery-coloring.com\/en\/wp-json\/wp\/v2\/product\/706","targetHints":{"allow":["GET"]}}],"collection":[{"href":"https:\/\/mystery-coloring.com\/en\/wp-json\/wp\/v2\/product"}],"about":[{"href":"https:\/\/mystery-coloring.com\/en\/wp-json\/wp\/v2\/types\/product"}],"replies":[{"embeddable":true,"href":"https:\/\/mystery-coloring.com\/en\/wp-json\/wp\/v2\/comments?post=706"}],"wp:featuredmedia":[{"embeddable":true,"href":"https:\/\/mystery-coloring.com\/en\/wp-json\/wp\/v2\/media\/707"}],"wp:attachment":[{"href":"https:\/\/mystery-coloring.com\/en\/wp-json\/wp\/v2\/media?parent=706"}],"wp:term":[{"taxonomy":"product_brand","embeddable":true,"href":"https:\/\/mystery-coloring.com\/en\/wp-json\/wp\/v2\/product_brand?post=706"},{"taxonomy":"product_cat","embeddable":true,"href":"https:\/\/mystery-coloring.com\/en\/wp-json\/wp\/v2\/product_cat?post=706"},{"taxonomy":"product_tag","embeddable":true,"href":"https:\/\/mystery-coloring.com\/en\/wp-json\/wp\/v2\/product_tag?post=706"}],"curies":[{"name":"wp","href":"https:\/\/api.w.org\/{rel}","templated":true}]}}